{"id":8,"date":"2014-05-08T15:14:45","date_gmt":"2014-05-08T13:14:45","guid":{"rendered":"http:\/\/localhost:8888\/wordpress\/?page_id=8"},"modified":"2025-04-10T19:04:19","modified_gmt":"2025-04-10T17:04:19","slug":"3d-parcours","status":"publish","type":"page","link":"https:\/\/camburger-bogenschuetzen.de\/?page_id=8","title":{"rendered":"Preise-Verkaufsstellen"},"content":{"rendered":"<p>Der Camburger 3D-Bogenparcours verl\u00e4uft entlang der bewaldeten H\u00e4nge des St\u00f6bener Waldes. Beginn und Ende des Weges sind direkt am Parkplatz im Beckent\u00e4lchen. Hier befindet sich auch der Einschie\u00dfplatz mit 7 gro\u00dfen Strohscheiben. Gleich am Parkplatz gibt es bereits einen \u00fcberdachten Picknickplatz. Am Weg liegen mehr als 30&nbsp; Ziele.<\/p>\n<p>Nachdem man die gr\u00f6\u00dferen Steigungen bew\u00e4ltigt hat, steigt man hinab in Richtung Stra\u00dfe und kommt dabei zur Cyriaksruine, wo ein weiterer \u00fcberdachter Picknick-Platz zur Rast mit Blick auf das \u00fcber 1000 Jahre alte Gem\u00e4uer einl\u00e4dt.<\/p>\n<p>Als Ziele dienen Tieratrappen aus einem Kunstschaum.<\/p>\n<figure id=\"attachment_242\" aria-describedby=\"caption-attachment-242\" style=\"width: 300px\" class=\"wp-caption aligncenter\"><a href=\"http:\/\/camburger-bogenschuetzen.de\/wp-e7cc6-content\/uploads\/2014\/05\/Zelle1ff_tb.jpg\"><img loading=\"lazy\" decoding=\"async\" class=\"wp-image-242 size-medium\" src=\"http:\/\/camburger-bogenschuetzen.de\/wp-e7cc6-content\/uploads\/2014\/05\/Zelle1ff_tb-300x300.jpg\" alt=\"Die Saurier\" width=\"300\" height=\"300\" srcset=\"https:\/\/camburger-bogenschuetzen.de\/wp-e7cc6-content\/uploads\/2014\/05\/Zelle1ff_tb-300x300.jpg 300w, https:\/\/camburger-bogenschuetzen.de\/wp-e7cc6-content\/uploads\/2014\/05\/Zelle1ff_tb-150x150.jpg 150w, https:\/\/camburger-bogenschuetzen.de\/wp-e7cc6-content\/uploads\/2014\/05\/Zelle1ff_tb.jpg 400w\" sizes=\"auto, (max-width: 300px) 100vw, 300px\" \/><\/a><figcaption id=\"caption-attachment-242\" class=\"wp-caption-text\">Die Saurier<\/figcaption><\/figure>\n<p>ACHTUNG ! Wer alle Ziele schie\u00dfen m\u00f6chte braucht&nbsp; auch FluFlus! An allen Zielen sind entsprechend den Regeln des Bogensports farbig codierte Abschusspfl\u00f6cke f\u00fcr kleine&nbsp; Bogensch\u00fctzen (gelb), Bogensch\u00fctzen mit Visier (rot) und &#8222;den Rest&#8220; (blau) gesetzt.<br \/>\nAm Einschie\u00dfplatz gibt es auch einen K\u00f6cher f\u00fcr Fundpfeile.<\/p>\n<p>Etwa ein Jahr Vorbereitung hat es uns gekostet (vor allem Organisatorisches war zu erledigen), bis wir am 02. April 2011 den ersten 3D-Bogenparcours in Mitteldeutschland er\u00f6ffnen konnten! Die Er\u00f6ffnungs-Party mit Freunden, Unterst\u00fctzern und interessierten Leuten aus der Region war ein gelungener Auftakt, und das erste Jahr war sowohl im Sommer- als auch im Winterbetrieb ein voller Erfolg. An dieser Stelle vielen Dank an alle, die uns mit Rat und Tat und Weiterempfehlung unterst\u00fctzt haben!<br \/>\nDamit unsere Besucher gerne wieder kommen, wird der Parcours mehrmals im Jahr \u00fcberarbeitet. Wege werden verbessert, Ziele erneuert, Sch\u00fcsse optimiert.<\/p>\n<hr>\n<p><strong>Preise:<\/strong><\/p>\n<p>Tageskarte: 12 Euro<\/p>\n<p>Jahreskarte: 120 Euro<\/p>\n<hr>\n<p>Verkaufsstellen f\u00fcr Parcourskarten:<\/p>\n<p>Antjes Postl\u00e4dchen in Camburg, Rathauskreuzung Richtung Naumburg<\/p>\n<p>Tankstelle Camburg, am Ortsausgang Richtung Bad Sulza<\/p>\n<p><a href=\"http:\/\/www.saaleland.de\/\">\u00dcbernachtungsm\u00f6glichkeiten<\/a> suchen (Tourismusverband Saaleland)<\/p>\n","protected":false},"excerpt":{"rendered":"<p>Der Camburger 3D-Bogenparcours verl\u00e4uft entlang der bewaldeten H\u00e4nge des St\u00f6bener Waldes. Beginn und Ende des Weges sind direkt am Parkplatz im Beckent\u00e4lchen. Hier befindet sich auch der Einschie\u00dfplatz mit 7 gro\u00dfen Strohscheiben. Gleich am Parkplatz gibt es bereits einen \u00fcberdachten Picknickplatz. Am Weg liegen mehr als 30&nbsp; Ziele. Nachdem man die gr\u00f6\u00dferen Steigungen bew\u00e4ltigt hat, &hellip; <a href=\"https:\/\/camburger-bogenschuetzen.de\/?page_id=8\" class=\"more-link\"><span class=\"screen-reader-text\">Preise-Verkaufsstellen<\/span> weiterlesen <span class=\"meta-nav\">&rarr;<\/span><\/a><\/p>\n","protected":false},"author":1,"featured_media":0,"parent":1013,"menu_order":1,"comment_status":"closed","ping_status":"closed","template":"","meta":{"ngg_post_thumbnail":0,"footnotes":""},"class_list":["post-8","page","type-page","status-publish","hentry"],"_links":{"self":[{"href":"https:\/\/camburger-bogenschuetzen.de\/index.php?rest_route=\/wp\/v2\/pages\/8","targetHints":{"allow":["GET"]}}],"collection":[{"href":"https:\/\/camburger-bogenschuetzen.de\/index.php?rest_route=\/wp\/v2\/pages"}],"about":[{"href":"https:\/\/camburger-bogenschuetzen.de\/index.php?rest_route=\/wp\/v2\/types\/page"}],"author":[{"embeddable":true,"href":"https:\/\/camburger-bogenschuetzen.de\/index.php?rest_route=\/wp\/v2\/users\/1"}],"replies":[{"embeddable":true,"href":"https:\/\/camburger-bogenschuetzen.de\/index.php?rest_route=%2Fwp%2Fv2%2Fcomments&post=8"}],"version-history":[{"count":47,"href":"https:\/\/camburger-bogenschuetzen.de\/index.php?rest_route=\/wp\/v2\/pages\/8\/revisions"}],"predecessor-version":[{"id":2901,"href":"https:\/\/camburger-bogenschuetzen.de\/index.php?rest_route=\/wp\/v2\/pages\/8\/revisions\/2901"}],"up":[{"embeddable":true,"href":"https:\/\/camburger-bogenschuetzen.de\/index.php?rest_route=\/wp\/v2\/pages\/1013"}],"wp:attachment":[{"href":"https:\/\/camburger-bogenschuetzen.de\/index.php?rest_route=%2Fwp%2Fv2%2Fmedia&parent=8"}],"curies":[{"name":"wp","href":"https:\/\/api.w.org\/{rel}","templated":true}]}}