{"id":724,"date":"2015-03-14T16:38:26","date_gmt":"2015-03-14T15:38:26","guid":{"rendered":"http:\/\/camburger-bogenschuetzen.de\/?page_id=724"},"modified":"2025-10-18T17:22:08","modified_gmt":"2025-10-18T15:22:08","slug":"aktuelles-vom-parcours","status":"publish","type":"page","link":"https:\/\/camburger-bogenschuetzen.de\/?page_id=724","title":{"rendered":"Aktuelles vom Parcours"},"content":{"rendered":"\n<p><a href=\"https:\/\/camburger-bogenschuetzen.de\/?p=1739\" data-type=\"post\" data-id=\"1739\">Bogenparcours ab 25. Juni bis 3. Juli 23 gesperrt!<\/a><\/p>\n\n\n\n<p><a href=\"https:\/\/camburger-bogenschuetzen.de\/wp-admin\/post.php?post=2163&amp;action=edit\">Am 02.11.2025 bleibt der Bogenparcours bis 13 Uhr aufgrund einer Treibjagd gesperrt.<\/a><\/p>\n\n\n\n<p><a href=\"http:\/\/camburger-bogenschuetzen.de\/?attachment_id=1367\">2020-11-01 Infektionsschutzkonzept aktualisiert!<\/a><\/p>\n\n\n\n<p><a href=\"http:\/\/camburger-bogenschuetzen.de\/?p=1288\">Bogenparcours ab 9. Juli 2019 wieder ge\u00f6ffnet!<\/a><\/p>\n\n\n\n<p><a href=\"http:\/\/camburger-bogenschuetzen.de\/?p=1190\">Am 13. Oktober bauen wir den Parcours um!<\/a><\/p>\n\n\n\n<p><a href=\"http:\/\/camburger-bogenschuetzen.de\/?p=1160\">Am 28. Oktober bauen wir auf Winterbetrieb um!<\/a><\/p>\n\n\n\n<p><a href=\"http:\/\/camburger-bogenschuetzen.de\/?p=1073\" target=\"_blank\" rel=\"noopener noreferrer\">Am 25.03.17 bauen wir die Sommerrunde auf.<\/a><\/p>\n\n\n\n<p><a href=\"http:\/\/camburger-bogenschuetzen.de\/?p=1022\">Treibjagd am 3.12.16<\/a><\/p>\n\n\n\n<p><a href=\"http:\/\/camburger-bogenschuetzen.de\/?p=1016\">Parcours-Regeln werden \u00fcberarbeitet<\/a><\/p>\n\n\n\n<p><a href=\"http:\/\/camburger-bogenschuetzen.de\/?p=999\">8. Oktober 2016 wird auf Winterrunde umgebaut, der Parcours bleibt an diesem Tag geschlossen.<\/a><\/p>\n\n\n\n<p><a href=\"http:\/\/camburger-bogenschuetzen.de\/?p=959\">Sommerparcours 2015 ist aufgebaut! Viel Vergn\u00fcgen auf der gro\u00dfen Runde!<\/a><\/p>\n\n\n\n<p><a href=\"http:\/\/camburger-bogenschuetzen.de\/?p=865\">MDR auf dem Parcors &#8211; Zeigt uns euren Sommer!<\/a><\/p>\n\n\n\n<p><a href=\"http:\/\/camburger-bogenschuetzen.de\/?p=816\">3. Parcoursgang f\u00fcr Reiterbogensch\u00fctzen<\/a><\/p>\n\n\n\n<p><a href=\"http:\/\/camburger-bogenschuetzen.de\/?p=779\">Parcours gesperrt vom 17.07. bis 20.07.2015<\/a><\/p>\n\n\n\n<p>P\u00fcnktlich zu Beginn des Fr\u00fchlings 2015 haben wir unseren Parcours auf Sommerbetrieb umgestellt.&nbsp; Wir W\u00fcnschen allen Bogensch\u00fctzen viel Freude auf der gro\u00dfen Runde!<\/p>\n\n\n\n<p><a title=\"Parcoursumbau auf Sommerrunde 2015\" href=\"http:\/\/camburger-bogenschuetzen.de\/?p=721\">Parcoursumbau auf Sommerbetrieb 2015<\/a><\/p>\n\n\n\n<p><a title=\"Das Klo des Vertrauens\" href=\"http:\/\/camburger-bogenschuetzen.de\/?p=705\">Toilette online<\/a><\/p>\n\n\n\n<p><a title=\"Die Gans und die Feuerwehr\" href=\"http:\/\/camburger-bogenschuetzen.de\/?p=710\">Neue Flugbahn eingerichtet<\/a><\/p>\n","protected":false},"excerpt":{"rendered":"<p>Bogenparcours ab 25. Juni bis 3. Juli 23 gesperrt! Am 02.11.2025 bleibt der Bogenparcours bis 13 Uhr aufgrund einer Treibjagd gesperrt. 2020-11-01 Infektionsschutzkonzept aktualisiert! Bogenparcours ab 9. Juli 2019 wieder ge\u00f6ffnet! Am 13. Oktober bauen wir den Parcours um! Am 28. Oktober bauen wir auf Winterbetrieb um! Am 25.03.17 bauen wir die Sommerrunde auf. Treibjagd &hellip; <a href=\"https:\/\/camburger-bogenschuetzen.de\/?page_id=724\" class=\"more-link\"><span class=\"screen-reader-text\">Aktuelles vom Parcours<\/span> weiterlesen <span class=\"meta-nav\">&rarr;<\/span><\/a><\/p>\n","protected":false},"author":1,"featured_media":0,"parent":1013,"menu_order":0,"comment_status":"closed","ping_status":"closed","template":"","meta":{"ngg_post_thumbnail":0,"footnotes":""},"class_list":["post-724","page","type-page","status-publish","hentry"],"_links":{"self":[{"href":"https:\/\/camburger-bogenschuetzen.de\/index.php?rest_route=\/wp\/v2\/pages\/724","targetHints":{"allow":["GET"]}}],"collection":[{"href":"https:\/\/camburger-bogenschuetzen.de\/index.php?rest_route=\/wp\/v2\/pages"}],"about":[{"href":"https:\/\/camburger-bogenschuetzen.de\/index.php?rest_route=\/wp\/v2\/types\/page"}],"author":[{"embeddable":true,"href":"https:\/\/camburger-bogenschuetzen.de\/index.php?rest_route=\/wp\/v2\/users\/1"}],"replies":[{"embeddable":true,"href":"https:\/\/camburger-bogenschuetzen.de\/index.php?rest_route=%2Fwp%2Fv2%2Fcomments&post=724"}],"version-history":[{"count":24,"href":"https:\/\/camburger-bogenschuetzen.de\/index.php?rest_route=\/wp\/v2\/pages\/724\/revisions"}],"predecessor-version":[{"id":3014,"href":"https:\/\/camburger-bogenschuetzen.de\/index.php?rest_route=\/wp\/v2\/pages\/724\/revisions\/3014"}],"up":[{"embeddable":true,"href":"https:\/\/camburger-bogenschuetzen.de\/index.php?rest_route=\/wp\/v2\/pages\/1013"}],"wp:attachment":[{"href":"https:\/\/camburger-bogenschuetzen.de\/index.php?rest_route=%2Fwp%2Fv2%2Fmedia&parent=724"}],"curies":[{"name":"wp","href":"https:\/\/api.w.org\/{rel}","templated":true}]}}