{"id":493,"date":"2014-10-22T19:34:10","date_gmt":"2014-10-22T17:34:10","guid":{"rendered":"http:\/\/camburger-bogenschuetzen.de\/?page_id=493"},"modified":"2025-10-21T19:28:17","modified_gmt":"2025-10-21T17:28:17","slug":"parcoursregeln","status":"publish","type":"page","link":"https:\/\/camburger-bogenschuetzen.de\/?page_id=493","title":{"rendered":"Parcoursregeln"},"content":{"rendered":"<p>Jeder Sch\u00fctze muss im Besitz einer g\u00fcltigen Eintrittskarte oder Mitglied der Camburger Bogensch\u00fctzen e.V. sein.<\/p>\n<p>Minderj\u00e4hrige d\u00fcrfen den Parcours nur in Begleitung Erwachsener benutzen.<\/p>\n<p>Das Betreten des Gel\u00e4ndes erfolgt auf eigene Gefahr! F\u00fcr evtl. Personen- oder Sachsch\u00e4den wird nicht gehaftet! Jeder haftet f\u00fcr seinen Schuss!<\/p>\n<p>Mit dem Erwerb der Eintrittskarte erkennt der Sch\u00fctze diese Regeln an, best\u00e4tigt, dass er eine Haftpflichtversicherung besitzt und stellt Dritte von jeglicher Haftung frei.<\/p>\n<p>Nehmt besondere R\u00fccksicht auf Personen, die mit unserem Sport nicht vertraut sind.<\/p>\n<p>Meldet bitte Besch\u00e4digungen an 3D-Zielen oder Abschlusspfl\u00f6cken unter der u.g. Mailadresse.<\/p>\n<p>Sichert beim suchen verschssener Pfeile&nbsp; das Ziel f\u00fcr Nachfolgende gut sichtbar ab! Stellt am besten einen Bogen davor.<\/p>\n<p>Es sind alle Arten von B\u00f6gen gestattet. Es sind nur Feld- und Scheibenspitzen erlaubt. Armbr\u00fcste und Jagdspitzen sind ausdr\u00fccklich verboten!<\/p>\n<p><strong>Nehmt Pfeilreste und M\u00fcll wieder mit!<\/strong><\/p>\n<p><strong>Hunde sind an der Leine zu f\u00fchren!<\/strong><\/p>\n<p><strong>Rauchen ist im Wald verboten!<\/strong><\/p>\n<p>Der Schie\u00dfbetrieb ist von Sonnenaufgang bis Sonnenuntergang m\u00f6glich.<\/p>\n<p>&nbsp;<\/p>\n<p><strong>Kontakt:<\/strong><\/p>\n<p>E-Mail: <a href=\"mailto:info@camburger-bogenschuetzen.de\">info@camburger-bogenschuetzen.de<\/a><\/p>\n\n\n<div class=\"wp-block-button\"><a class=\"wp-block-button__link wp-element-button\" href=\"http:\/\/camburger-bogenschuetzen.de\/?attachment_id=1347\">Parcoursregeln zum Download<\/a><\/div>\n","protected":false},"excerpt":{"rendered":"<p>Jeder Sch\u00fctze muss im Besitz einer g\u00fcltigen Eintrittskarte oder Mitglied der Camburger Bogensch\u00fctzen e.V. sein. Minderj\u00e4hrige d\u00fcrfen den Parcours nur in Begleitung Erwachsener benutzen. Das Betreten des Gel\u00e4ndes erfolgt auf eigene Gefahr! F\u00fcr evtl. Personen- oder Sachsch\u00e4den wird nicht gehaftet! Jeder haftet f\u00fcr seinen Schuss! Mit dem Erwerb der Eintrittskarte erkennt der Sch\u00fctze diese Regeln &hellip; <a href=\"https:\/\/camburger-bogenschuetzen.de\/?page_id=493\" class=\"more-link\"><span class=\"screen-reader-text\">Parcoursregeln<\/span> weiterlesen <span class=\"meta-nav\">&rarr;<\/span><\/a><\/p>\n","protected":false},"author":1,"featured_media":0,"parent":1013,"menu_order":0,"comment_status":"closed","ping_status":"closed","template":"","meta":{"ngg_post_thumbnail":0,"footnotes":""},"class_list":["post-493","page","type-page","status-publish","hentry"],"_links":{"self":[{"href":"https:\/\/camburger-bogenschuetzen.de\/index.php?rest_route=\/wp\/v2\/pages\/493","targetHints":{"allow":["GET"]}}],"collection":[{"href":"https:\/\/camburger-bogenschuetzen.de\/index.php?rest_route=\/wp\/v2\/pages"}],"about":[{"href":"https:\/\/camburger-bogenschuetzen.de\/index.php?rest_route=\/wp\/v2\/types\/page"}],"author":[{"embeddable":true,"href":"https:\/\/camburger-bogenschuetzen.de\/index.php?rest_route=\/wp\/v2\/users\/1"}],"replies":[{"embeddable":true,"href":"https:\/\/camburger-bogenschuetzen.de\/index.php?rest_route=%2Fwp%2Fv2%2Fcomments&post=493"}],"version-history":[{"count":13,"href":"https:\/\/camburger-bogenschuetzen.de\/index.php?rest_route=\/wp\/v2\/pages\/493\/revisions"}],"predecessor-version":[{"id":3018,"href":"https:\/\/camburger-bogenschuetzen.de\/index.php?rest_route=\/wp\/v2\/pages\/493\/revisions\/3018"}],"up":[{"embeddable":true,"href":"https:\/\/camburger-bogenschuetzen.de\/index.php?rest_route=\/wp\/v2\/pages\/1013"}],"wp:attachment":[{"href":"https:\/\/camburger-bogenschuetzen.de\/index.php?rest_route=%2Fwp%2Fv2%2Fmedia&parent=493"}],"curies":[{"name":"wp","href":"https:\/\/api.w.org\/{rel}","templated":true}]}}