{"id":47,"date":"2014-05-13T20:07:42","date_gmt":"2014-05-13T18:07:42","guid":{"rendered":"http:\/\/localhost:8888\/wordpress\/?page_id=47"},"modified":"2026-02-08T14:06:45","modified_gmt":"2026-02-08T13:06:45","slug":"kontakt","status":"publish","type":"page","link":"https:\/\/camburger-bogenschuetzen.de\/?page_id=47","title":{"rendered":"Kontakt"},"content":{"rendered":"<h6 style=\"margin-left: 2em;\"><a href=\"http:\/\/camburger-bogenschuetzen.de\/wp-e7cc6-content\/uploads\/2014\/05\/Kontakt.jpg\"><img loading=\"lazy\" decoding=\"async\" class=\"alignnone wp-image-54 size-medium\" src=\"http:\/\/camburger-bogenschuetzen.de\/wp-e7cc6-content\/uploads\/2014\/05\/Kontakt-300x183.jpg\" alt=\"SONY DSC\" width=\"300\" height=\"183\" srcset=\"https:\/\/camburger-bogenschuetzen.de\/wp-e7cc6-content\/uploads\/2014\/05\/Kontakt-300x183.jpg 300w, https:\/\/camburger-bogenschuetzen.de\/wp-e7cc6-content\/uploads\/2014\/05\/Kontakt.jpg 800w\" sizes=\"auto, (max-width: 300px) 100vw, 300px\" \/><\/a><\/h6>\n\n\n<h6 class=\"wp-block-heading\">Vereinsvorsitzender<\/h6>\n\n\n\n<p>Dr. Rudolf Wolter<br \/>Meisterei 22<br \/>07774 Dornburg-Camburg<\/p>\n\n\n\n<p>Mail: <a href=\"mailto:vorstand@camburger-bogenschuetzen.de\">vorstand@camburger-bogenschuetzen.de<\/a><\/p>\n\n\n\n<hr class=\"wp-block-separator has-alpha-channel-opacity\"\/>\n\n\n\n<p><strong>Haftungshinweis:<\/strong><br \/>Der Verein Camburger Bogensch\u00fctzen e.V. \u00fcbernimmt keine Haftung f\u00fcr die Inhalte externer Links. F\u00fcr den Inhalt der verlinkten Seiten sind ausschlie\u00dflich deren Betreiber verantwortlich.<\/p>\n\n\n\n<hr class=\"wp-block-separator has-alpha-channel-opacity\"\/>\n\n\n\n<h6 class=\"wp-block-heading\">Impressum<\/h6>\n\n\n\n<p>Camburger Bogensch\u00fctzen e.V.<\/p>\n\n\n\n<p>Meisterei 22<\/p>\n\n\n\n<p>07774 Camburg<\/p>\n\n\n\n<p>Mail: <a href=\"mailto:kontakt@camburger-bogenschuetzen.de\">kontakt@camburger-bogenschuetzen.de<\/a><\/p>\n\n\n\n<hr class=\"wp-block-separator has-alpha-channel-opacity\"\/>\n\n\n\n<p><a href=\"http:\/\/camburger-bogenschuetzen.de\/wp-e7cc6-content\/uploads\/2018\/07\/Datenschutzerkl\u00e4rung-Camburger-Bogensch\u00fctzen.pdf\">Datenschutzerkl\u00e4rung des Camburger Bogensch\u00fctzen e.V.<\/a><\/p>\n","protected":false},"excerpt":{"rendered":"<p>Vereinsvorsitzender Dr. Rudolf WolterMeisterei 2207774 Dornburg-Camburg Mail: vorstand@camburger-bogenschuetzen.de Haftungshinweis:Der Verein Camburger Bogensch\u00fctzen e.V. \u00fcbernimmt keine Haftung f\u00fcr die Inhalte externer Links. F\u00fcr den Inhalt der verlinkten Seiten sind ausschlie\u00dflich deren Betreiber verantwortlich. Impressum Camburger Bogensch\u00fctzen e.V. Meisterei 22 07774 Camburg Mail: kontakt@camburger-bogenschuetzen.de Datenschutzerkl\u00e4rung des Camburger Bogensch\u00fctzen e.V.<\/p>\n","protected":false},"author":1,"featured_media":0,"parent":0,"menu_order":20,"comment_status":"closed","ping_status":"closed","template":"page-templates\/full-width.php","meta":{"ngg_post_thumbnail":0,"footnotes":""},"class_list":["post-47","page","type-page","status-publish","hentry"],"_links":{"self":[{"href":"https:\/\/camburger-bogenschuetzen.de\/index.php?rest_route=\/wp\/v2\/pages\/47","targetHints":{"allow":["GET"]}}],"collection":[{"href":"https:\/\/camburger-bogenschuetzen.de\/index.php?rest_route=\/wp\/v2\/pages"}],"about":[{"href":"https:\/\/camburger-bogenschuetzen.de\/index.php?rest_route=\/wp\/v2\/types\/page"}],"author":[{"embeddable":true,"href":"https:\/\/camburger-bogenschuetzen.de\/index.php?rest_route=\/wp\/v2\/users\/1"}],"replies":[{"embeddable":true,"href":"https:\/\/camburger-bogenschuetzen.de\/index.php?rest_route=%2Fwp%2Fv2%2Fcomments&post=47"}],"version-history":[{"count":19,"href":"https:\/\/camburger-bogenschuetzen.de\/index.php?rest_route=\/wp\/v2\/pages\/47\/revisions"}],"predecessor-version":[{"id":3041,"href":"https:\/\/camburger-bogenschuetzen.de\/index.php?rest_route=\/wp\/v2\/pages\/47\/revisions\/3041"}],"wp:attachment":[{"href":"https:\/\/camburger-bogenschuetzen.de\/index.php?rest_route=%2Fwp%2Fv2%2Fmedia&parent=47"}],"curies":[{"name":"wp","href":"https:\/\/api.w.org\/{rel}","templated":true}]}}