{"id":41,"date":"2014-05-13T20:06:39","date_gmt":"2014-05-13T18:06:39","guid":{"rendered":"http:\/\/localhost:8888\/wordpress\/?page_id=41"},"modified":"2023-10-03T20:14:02","modified_gmt":"2023-10-03T18:14:02","slug":"start","status":"publish","type":"page","link":"https:\/\/camburger-bogenschuetzen.de\/","title":{"rendered":"Start"},"content":{"rendered":"<h3>Traditionelles Bogenschie\u00dfen<\/h3>\n<h4>Was ist &#8222;Traditionelles Bogenschie\u00dfen&#8220;?<\/h4>\n<p>Die Sportart <b>&#8222;Traditionell Bogenschie\u00dfen&#8220;<\/b> beschreibt das Bogenschie\u00dfen ohne Nutzung von modernen Hilfseinrichtungen wie Visier, Klicker, Releasehilfen oder \u00e4hnlichem. Eben so, wie man fr\u00fcher schon geschossen hat. Bei uns in Deutschland mit dem &#8222;Haselnussstecken&#8220;, im alten England mit dem Eibenbogen. Nat\u00fcrlich schie\u00dft der &#8222;moderne&#8220; traditionelle Bogensch\u00fctze keinen Haselnussstecken mit Schnur, sondern einen fiberglasbelegten Recurve- oder Langbogen mit modernem Sehnenmaterial.<\/p>\n<p>Die Art des Schie\u00dfens aber, ohne technische Hilfsmittel einen Punkt zu fixieren, unterscheidet ihn nicht von den Sch\u00fctzen, die dies schon vor 1000 Jahren so praktizierten.<\/p>\n<p>Das Traditionelle Bogenschie\u00dfen ist kein Sport f\u00fcr &#8222;Wilde&#8220;, sondern f\u00fcr &#8222;Normale&#8220;. Er ist <b>ideal f\u00fcr alle Menschen, die gerne in der Natur und an der frischen Luft sind<\/b>, die sich gerne bewegen ohne gleich an einem Triathlon teilnehmen zu wollen.<\/p>\n<p><a href=\"http:\/\/camburger-bogenschuetzen.de\/wp-e7cc6-content\/uploads\/2014\/05\/IMG_4038.jpg\"><img loading=\"lazy\" decoding=\"async\" class=\"aligncenter size-medium wp-image-83\" src=\"http:\/\/camburger-bogenschuetzen.de\/wp-e7cc6-content\/uploads\/2014\/05\/IMG_4038-300x225.jpg\" alt=\"IMG_4038\" width=\"300\" height=\"225\" srcset=\"https:\/\/camburger-bogenschuetzen.de\/wp-e7cc6-content\/uploads\/2014\/05\/IMG_4038-300x225.jpg 300w, https:\/\/camburger-bogenschuetzen.de\/wp-e7cc6-content\/uploads\/2014\/05\/IMG_4038.jpg 1024w\" sizes=\"auto, (max-width: 300px) 100vw, 300px\" \/><\/a><\/p>\n<p>Das traditionelle Bogenschie\u00dfen wird &#8211; neben dem Training an der Scheibe &#8211; auf dem sogenannten <b>3D-Parcours<\/b> ausge\u00fcbt.<\/p>\n<p>Auf einem &#8222;Pirschpfad&#8220; bewegt man sich durch den Wald und schie\u00dft auf Tierscheiben, die in unbekannten Entfernungen aufgestellt sind. Hierbei muss ein Pflock im Boden, der Abschusspflock, ber\u00fchrt werden. Sind dabei irgendwelche Zweiglein oder andere nat\u00fcrlichen Hindernisse in der Flugbahn, d\u00fcrfen diese nicht beseitigt werden. Der Sch\u00fctze muss sehen, wie er auf die Situation reagieren kann. <b>An der Natur darf nichts ver\u00e4ndert werden.<\/b><\/p>\n<p><a href=\"http:\/\/camburger-bogenschuetzen.de\/wp-e7cc6-content\/uploads\/2014\/05\/IMG_4058.jpg\"><img loading=\"lazy\" decoding=\"async\" class=\"aligncenter size-medium wp-image-84\" src=\"http:\/\/camburger-bogenschuetzen.de\/wp-e7cc6-content\/uploads\/2014\/05\/IMG_4058-300x225.jpg\" alt=\"IMG_4058\" width=\"300\" height=\"225\" srcset=\"https:\/\/camburger-bogenschuetzen.de\/wp-e7cc6-content\/uploads\/2014\/05\/IMG_4058-300x225.jpg 300w, https:\/\/camburger-bogenschuetzen.de\/wp-e7cc6-content\/uploads\/2014\/05\/IMG_4058.jpg 1024w\" sizes=\"auto, (max-width: 300px) 100vw, 300px\" \/><\/a><\/p>\n<p><b>Besonders sch\u00f6n finden wir an diesem Sport, dass man in jedem Alter damit beginnen kann<\/b> (Kinder bereits ab ca. 5 Jahren mit ihren Eltern), mit etwas Schie\u00dfpraxis schon bald am ersten Turnier teilnehmen kann, ohne Mitglied in Vereinen oder Verb\u00e4nden sein zu m\u00fcssen.<\/p>\n<p>Am regelm\u00e4\u00dfigen Nachwuchstraining unseres Vereins k\u00f6nnen Kinder ab 10 Jahren teilnehmen.<\/p>\n<p>Und dass man diesen Sport mit der ganzen Familie, inklusive Hund aus\u00fcben kann!<br \/>\nHaben Sie Lust bekommen, das traditionelle Bogenschie\u00dfen selbst auszuprobieren?<\/p>\n<p>&nbsp;<\/p>\n<p>&nbsp;<\/p>\n","protected":false},"excerpt":{"rendered":"<p>Traditionelles Bogenschie\u00dfen Was ist &#8222;Traditionelles Bogenschie\u00dfen&#8220;? Die Sportart &#8222;Traditionell Bogenschie\u00dfen&#8220; beschreibt das Bogenschie\u00dfen ohne Nutzung von modernen Hilfseinrichtungen wie Visier, Klicker, Releasehilfen oder \u00e4hnlichem. Eben so, wie man fr\u00fcher schon geschossen hat. Bei uns in Deutschland mit dem &#8222;Haselnussstecken&#8220;, im alten England mit dem Eibenbogen. Nat\u00fcrlich schie\u00dft der &#8222;moderne&#8220; traditionelle Bogensch\u00fctze keinen Haselnussstecken mit Schnur, &hellip; <a href=\"https:\/\/camburger-bogenschuetzen.de\/\" class=\"more-link\"><span class=\"screen-reader-text\">Start<\/span> weiterlesen <span class=\"meta-nav\">&rarr;<\/span><\/a><\/p>\n","protected":false},"author":1,"featured_media":0,"parent":0,"menu_order":1,"comment_status":"closed","ping_status":"closed","template":"","meta":{"ngg_post_thumbnail":0,"footnotes":""},"class_list":["post-41","page","type-page","status-publish","hentry"],"_links":{"self":[{"href":"https:\/\/camburger-bogenschuetzen.de\/index.php?rest_route=\/wp\/v2\/pages\/41","targetHints":{"allow":["GET"]}}],"collection":[{"href":"https:\/\/camburger-bogenschuetzen.de\/index.php?rest_route=\/wp\/v2\/pages"}],"about":[{"href":"https:\/\/camburger-bogenschuetzen.de\/index.php?rest_route=\/wp\/v2\/types\/page"}],"author":[{"embeddable":true,"href":"https:\/\/camburger-bogenschuetzen.de\/index.php?rest_route=\/wp\/v2\/users\/1"}],"replies":[{"embeddable":true,"href":"https:\/\/camburger-bogenschuetzen.de\/index.php?rest_route=%2Fwp%2Fv2%2Fcomments&post=41"}],"version-history":[{"count":32,"href":"https:\/\/camburger-bogenschuetzen.de\/index.php?rest_route=\/wp\/v2\/pages\/41\/revisions"}],"predecessor-version":[{"id":2096,"href":"https:\/\/camburger-bogenschuetzen.de\/index.php?rest_route=\/wp\/v2\/pages\/41\/revisions\/2096"}],"wp:attachment":[{"href":"https:\/\/camburger-bogenschuetzen.de\/index.php?rest_route=%2Fwp%2Fv2%2Fmedia&parent=41"}],"curies":[{"name":"wp","href":"https:\/\/api.w.org\/{rel}","templated":true}]}}