{"id":2793,"date":"2024-12-31T23:59:00","date_gmt":"2024-12-31T22:59:00","guid":{"rendered":"https:\/\/camburger-bogenschuetzen.de\/?page_id=2793"},"modified":"2026-02-08T13:32:27","modified_gmt":"2026-02-08T12:32:27","slug":"cyriakusjagd-2025","status":"publish","type":"page","link":"https:\/\/camburger-bogenschuetzen.de\/?page_id=2793","title":{"rendered":"Cyriakusjagd 2025"},"content":{"rendered":"\n<p>Zum Jahresabschluss des Jahres in dem die Cyriacusjagd stattfand, ver\u00f6ffentlichen wir den Film zur Cyriakusjagd. Sehet und staunet, die Bilder bewegen sich und L\u00e4rm ist auch zu lauschen. Fasset ein g\u00f6ttlich Getr\u00e4nk und machet es euch bequem.<\/p>\n\n\n\n<figure class=\"wp-block-embed is-type-video is-provider-youtube wp-block-embed-youtube wp-embed-aspect-4-3 wp-has-aspect-ratio\"><div class=\"wp-block-embed__wrapper\">\n<iframe loading=\"lazy\" title=\"Cyriakusfest 2025 HD\" width=\"474\" height=\"356\" src=\"https:\/\/www.youtube.com\/embed\/ya-x4x7wv-s?feature=oembed\" frameborder=\"0\" allow=\"accelerometer; autoplay; clipboard-write; encrypted-media; gyroscope; picture-in-picture; web-share\" referrerpolicy=\"strict-origin-when-cross-origin\" allowfullscreen><\/iframe>\n<\/div><\/figure>\n\n\n\n<p class=\"has-background\" style=\"background-color:#00cbf9\">Ergebnisliste ist online. Siehe Downloadbereich weiter unten.<\/p>\n\n\n\n<p class=\"has-background\" style=\"background-color:#f5a802\">Ab Samstag, den 28.06.2025 bleibt der Parcours bis zum 08.07.2025 gesperrt. Wir bauen den Parcours komplett ab und anschlie\u00dfend einen neuen Patcours auf, den ihr zur Cyriakusjagd als Erste schie\u00dfen d\u00fcrft.<\/p>\n\n\n\n<p class=\"has-text-color has-background has-link-color wp-elements-1f3ed835142875e05f6984a1a11ed3ba\" id=\"block-43167ed5-08a1-4527-acc9-51ae35a314fa\" style=\"color:#ff0000;background-color:#f6f602\"><strong>13.05.2025 &#8211; Anmeldeliste hinzugef\u00fchgt.<\/strong><\/p>\n\n\n\n<p class=\"has-text-color has-background has-link-color wp-elements-434815a6a2cf571316eadac885fd33e7\" id=\"block-43167ed5-08a1-4527-acc9-51ae35a314fa\" style=\"color:#ff0000;background-color:#f6f602\"><strong>06.01.2025 &#8211; Cyriakusjagd 2025 ist ausgebucht!<\/strong> Alle weiterhin eingehenden Anmeldung werden auf eine Warteliste gesetzt. Einen festen Startplatz habe ich nur dann, wenn das Startgeld \u00fcberwiesen wurde!<\/p>\n\n\n\n<p><\/p>\n\n\n\n<p id=\"block-52ea40c1-0227-41e2-a3ad-cbbecb6cc638\">Es ist wieder soweit! Unsere 6. Cyriakusjagd werden wir am 5. und 6. Juli 2025 gemeinsam mit euch erleben. Unsere Planung l\u00e4uft auf Hochtouren und ab jetzt k\u00f6nnt ihr euch auch zum Turnier anmelden. Die ersten Infos findet ihr unten, sie werden bis zum Turnier weiter erg\u00e4nzt, also immer einmal hier vorbei schauen. <strong>Die komplette Turnierausschreibung und den Lageplan findet ihr weiter unten als Download.<\/strong><\/p>\n\n\n\n<p id=\"block-52fd6f4a-b1ee-4532-bd7f-e79a4f675dd1\">Bitte lest die Seite bis zum Schluss, das erspart euch und uns unter Umst\u00e4nden unn\u00f6tige Arbeit :-).<\/p>\n\n\n\n<p class=\"has-text-color has-link-color wp-elements-561ac9aff7d6a985d8e54ebad7623be6\" id=\"block-6c4c9bf6-7eee-44be-934d-01242cdd143b\" style=\"color:#fa0000\"><strong>Bitte meldet euch mit Namen, Alter, Bogenart und Pfeilmaterial (Holz o. Carbon) per Email an.<\/strong><\/p>\n\n\n\n<p id=\"block-faf1e15f-9092-471a-9ae6-cdd68a108177\">Die Anmeldung schickt bitte ausschlie\u00dflich an: <a href=\"mailto:cyriakusjagd@camburger-bogenschuetzen.de\">cyriakusjagd@camburger-bogenschuetzen.de<\/a><\/p>\n\n\n\n<p id=\"block-df5d58f1-677e-475d-9d3d-e43e0e828fad\"><strong>Anmeldungen f\u00fcr beide Turniertage haben Vorrang vor Tagesanmeldungen.<\/strong><\/p>\n\n\n\n<p id=\"block-c9253786-45b9-4e55-a5d5-d21e9c3cf7a9\">Wir f\u00fchren eine Teilnehmerliste online. Nur Sch\u00fctzen*innen, die in der Liste stehen und das Startgeld rechtzeitig \u00fcberweisen haben, sind startberechtigt. Sollten wir \u00fcberbucht sein, geht es nach Datum des Geldeingangs.<\/p>\n\n\n\n<hr class=\"wp-block-separator has-alpha-channel-opacity\" id=\"block-a62c0612-2c70-4b0c-b8b2-27051cd2cc52\"\/>\n\n\n\n<h2 class=\"wp-block-heading\" id=\"block-a63e69a9-24a4-42c2-9d7d-5f6d3079c646\">Downloads<\/h2>\n\n\n\n<p>Ergebnisliste Cyriakusjagd 2025 <a href=\"http:\/\/camburger-bogenschuetzen.de\/wp-e7cc6-content\/uploads\/2025\/07\/2025_Ergebnisse_Cyriakusjagd.pdf\">Download<\/a><\/p>\n\n\n\n<p id=\"block-73e315f5-eacc-4806-939b-e8e8b045b885\"><strong>Turnierausschreibung 202<\/strong>5 <a href=\"http:\/\/camburger-bogenschuetzen.de\/wp-e7cc6-content\/uploads\/2024\/12\/20241207_Ausschreibung_Cyriakusjagd.pdf\" target=\"_blank\" rel=\"noreferrer noopener\">Download<\/a><\/p>\n\n\n\n<p><strong>Anmeldeliste Stand 13.05.2025<\/strong> <a href=\"http:\/\/camburger-bogenschuetzen.de\/wp-e7cc6-content\/uploads\/2025\/05\/250513_Starterliste_Cyriakusjagd_2025.pdf\">Download<\/a><\/p>\n\n\n\n<p id=\"block-2b0c07ea-e045-4c76-992b-f7f7dc879f14\"><strong>Lageplan 202<\/strong>5 <a href=\"http:\/\/camburger-bogenschuetzen.de\/wp-e7cc6-content\/uploads\/2024\/12\/Lageplan-2025.pdf\" target=\"_blank\" rel=\"noreferrer noopener\">Download<\/a><\/p>\n\n\n\n<hr class=\"wp-block-separator has-alpha-channel-opacity\" id=\"block-4cc6657c-8dc7-4e73-8f66-bda89ff9511c\"\/>\n\n\n\n<h2 class=\"wp-block-heading\" id=\"block-158039f3-47e7-4d4e-821a-6bde6c2c6c0f\">Erste Informationen:<\/h2>\n\n\n\n<p id=\"block-8c04916a-a2a0-45f4-9f93-e1e08cb5aab2\"><em>Mit der Anmeldung zu dem Turnier erkennt ihr an, dass wir zum einen \u00f6ffentliche Teilnehmer- und Ergebnislisten f\u00fchren und auch Fotos der Teilnehmenden ver\u00f6ffentlic<\/em>ht.<\/p>\n\n\n\n<p><\/p>\n","protected":false},"excerpt":{"rendered":"<p>Zum Jahresabschluss des Jahres in dem die Cyriacusjagd stattfand, ver\u00f6ffentlichen wir den Film zur Cyriakusjagd. Sehet und staunet, die Bilder bewegen sich und L\u00e4rm ist auch zu lauschen. Fasset ein g\u00f6ttlich Getr\u00e4nk und machet es euch bequem. Ergebnisliste ist online. Siehe Downloadbereich weiter unten. Ab Samstag, den 28.06.2025 bleibt der Parcours bis zum 08.07.2025 gesperrt. &hellip; <a href=\"https:\/\/camburger-bogenschuetzen.de\/?page_id=2793\" class=\"more-link\"><span class=\"screen-reader-text\">Cyriakusjagd 2025<\/span> weiterlesen <span class=\"meta-nav\">&rarr;<\/span><\/a><\/p>\n","protected":false},"author":1,"featured_media":2799,"parent":888,"menu_order":5,"comment_status":"closed","ping_status":"closed","template":"","meta":{"ngg_post_thumbnail":0,"footnotes":""},"class_list":["post-2793","page","type-page","status-publish","has-post-thumbnail","hentry"],"_links":{"self":[{"href":"https:\/\/camburger-bogenschuetzen.de\/index.php?rest_route=\/wp\/v2\/pages\/2793","targetHints":{"allow":["GET"]}}],"collection":[{"href":"https:\/\/camburger-bogenschuetzen.de\/index.php?rest_route=\/wp\/v2\/pages"}],"about":[{"href":"https:\/\/camburger-bogenschuetzen.de\/index.php?rest_route=\/wp\/v2\/types\/page"}],"author":[{"embeddable":true,"href":"https:\/\/camburger-bogenschuetzen.de\/index.php?rest_route=\/wp\/v2\/users\/1"}],"replies":[{"embeddable":true,"href":"https:\/\/camburger-bogenschuetzen.de\/index.php?rest_route=%2Fwp%2Fv2%2Fcomments&post=2793"}],"version-history":[{"count":12,"href":"https:\/\/camburger-bogenschuetzen.de\/index.php?rest_route=\/wp\/v2\/pages\/2793\/revisions"}],"predecessor-version":[{"id":3025,"href":"https:\/\/camburger-bogenschuetzen.de\/index.php?rest_route=\/wp\/v2\/pages\/2793\/revisions\/3025"}],"up":[{"embeddable":true,"href":"https:\/\/camburger-bogenschuetzen.de\/index.php?rest_route=\/wp\/v2\/pages\/888"}],"wp:featuredmedia":[{"embeddable":true,"href":"https:\/\/camburger-bogenschuetzen.de\/index.php?rest_route=\/wp\/v2\/media\/2799"}],"wp:attachment":[{"href":"https:\/\/camburger-bogenschuetzen.de\/index.php?rest_route=%2Fwp%2Fv2%2Fmedia&parent=2793"}],"curies":[{"name":"wp","href":"https:\/\/api.w.org\/{rel}","templated":true}]}}