{"id":265,"date":"2014-07-15T19:40:24","date_gmt":"2014-07-15T17:40:24","guid":{"rendered":"http:\/\/localhost:8888\/wordpress\/?page_id=265"},"modified":"2025-10-21T19:43:12","modified_gmt":"2025-10-21T17:43:12","slug":"anfahrtsbeschreibung","status":"publish","type":"page","link":"https:\/\/camburger-bogenschuetzen.de\/?page_id=265","title":{"rendered":"Anfahrtsbeschreibung"},"content":{"rendered":"<h4>Anfahrt<\/h4>\n<p>Der Bogenparcours befindet sich in dem Waldabschnitt zwischen der Cyriaksruine und dem Beckent\u00e4lchen. Der Parkplatz liegt direkt an der Stra\u00dfe, die parallel zur Saalebahn von Camburg nach Gro\u00dfheringen f\u00fchrt, kurz vor\/nach dem Ort St\u00f6ben.<\/p>\n<p>Folgt in Camburg den braunen Wegweisern &#8222;Bogensportparcours&#8220;, dann kommt ihr genau am Parkplatz an.<\/p>\n<p><strong>GPS-Koordinaten (Google):<\/strong> <span id=\"mapp_e_latlng\">51.066829,11.692429<\/span><\/p>\n\n\n<p><\/p>\n","protected":false},"excerpt":{"rendered":"<p>Anfahrt Der Bogenparcours befindet sich in dem Waldabschnitt zwischen der Cyriaksruine und dem Beckent\u00e4lchen. Der Parkplatz liegt direkt an der Stra\u00dfe, die parallel zur Saalebahn von Camburg nach Gro\u00dfheringen f\u00fchrt, kurz vor\/nach dem Ort St\u00f6ben. Folgt in Camburg den braunen Wegweisern &#8222;Bogensportparcours&#8220;, dann kommt ihr genau am Parkplatz an. GPS-Koordinaten (Google): 51.066829,11.692429<\/p>\n","protected":false},"author":1,"featured_media":0,"parent":1013,"menu_order":0,"comment_status":"closed","ping_status":"closed","template":"","meta":{"ngg_post_thumbnail":0,"footnotes":""},"class_list":["post-265","page","type-page","status-publish","hentry"],"_links":{"self":[{"href":"https:\/\/camburger-bogenschuetzen.de\/index.php?rest_route=\/wp\/v2\/pages\/265","targetHints":{"allow":["GET"]}}],"collection":[{"href":"https:\/\/camburger-bogenschuetzen.de\/index.php?rest_route=\/wp\/v2\/pages"}],"about":[{"href":"https:\/\/camburger-bogenschuetzen.de\/index.php?rest_route=\/wp\/v2\/types\/page"}],"author":[{"embeddable":true,"href":"https:\/\/camburger-bogenschuetzen.de\/index.php?rest_route=\/wp\/v2\/users\/1"}],"replies":[{"embeddable":true,"href":"https:\/\/camburger-bogenschuetzen.de\/index.php?rest_route=%2Fwp%2Fv2%2Fcomments&post=265"}],"version-history":[{"count":8,"href":"https:\/\/camburger-bogenschuetzen.de\/index.php?rest_route=\/wp\/v2\/pages\/265\/revisions"}],"predecessor-version":[{"id":3022,"href":"https:\/\/camburger-bogenschuetzen.de\/index.php?rest_route=\/wp\/v2\/pages\/265\/revisions\/3022"}],"up":[{"embeddable":true,"href":"https:\/\/camburger-bogenschuetzen.de\/index.php?rest_route=\/wp\/v2\/pages\/1013"}],"wp:attachment":[{"href":"https:\/\/camburger-bogenschuetzen.de\/index.php?rest_route=%2Fwp%2Fv2%2Fmedia&parent=265"}],"curies":[{"name":"wp","href":"https:\/\/api.w.org\/{rel}","templated":true}]}}