{"id":25,"date":"2014-05-08T14:34:36","date_gmt":"2014-05-08T12:34:36","guid":{"rendered":"http:\/\/localhost:8888\/wordpress\/?page_id=25"},"modified":"2025-10-21T19:35:41","modified_gmt":"2025-10-21T17:35:41","slug":"verein","status":"publish","type":"page","link":"https:\/\/camburger-bogenschuetzen.de\/?page_id=25","title":{"rendered":"Unser Verein"},"content":{"rendered":"<h3><a href=\"http:\/\/camburger-bogenschuetzen.de\/wp-e7cc6-content\/uploads\/2014\/08\/Logo-Burg-Schild.jpg\"><img loading=\"lazy\" decoding=\"async\" class=\"aligncenter wp-image-371 size-medium\" src=\"http:\/\/camburger-bogenschuetzen.de\/wp-e7cc6-content\/uploads\/2014\/08\/Logo-Burg-Schild-281x300.jpg\" alt=\"Logo-Burg-Schild\" width=\"281\" height=\"300\" srcset=\"https:\/\/camburger-bogenschuetzen.de\/wp-e7cc6-content\/uploads\/2014\/08\/Logo-Burg-Schild-281x300.jpg 281w, https:\/\/camburger-bogenschuetzen.de\/wp-e7cc6-content\/uploads\/2014\/08\/Logo-Burg-Schild-140x150.jpg 140w, https:\/\/camburger-bogenschuetzen.de\/wp-e7cc6-content\/uploads\/2014\/08\/Logo-Burg-Schild-959x1024.jpg 959w, https:\/\/camburger-bogenschuetzen.de\/wp-e7cc6-content\/uploads\/2014\/08\/Logo-Burg-Schild.jpg 1107w\" sizes=\"auto, (max-width: 281px) 100vw, 281px\" \/><\/a><\/h3>\n<p>Im September 2013 sind wir aus dem Sch\u00fctzenverein Camburg 1784 e.V. ausgetreten und haben uns als<\/p>\n<p><strong>Camburger Bogensch\u00fctzen e.V.<\/strong><\/p>\n<p>selbst\u00e4ndig gemacht. Auf der Gr\u00fcndungsversammlung waren wir 19 Personen. Jetzt sind wir mehr als 100. Die Kindergruppen wachsen ebenso wie die Erwachsenengruppen.<\/p>\n<hr>\n<p><strong>&nbsp;Dateien zum Download:<\/strong><\/p>\n<p><a href=\"http:\/\/camburger-bogenschuetzen.de\/wp-e7cc6-content\/uploads\/2014\/05\/Beitrittserkla\u0308rung-Camburger-Bogenschu\u0308tzen.pdf\">Beitrittserklaerung Camburger Bogenschuetzen<\/a><\/p>\n<p><a href=\"http:\/\/camburger-bogenschuetzen.de\/wp-e7cc6-content\/uploads\/2014\/05\/SEPA-Lastschrift.pdf\">SEPA-Lastschrift<\/a>&nbsp;f\u00fcr den Beitragseinzug<\/p>\n<p><a href=\"http:\/\/camburger-bogenschuetzen.de\/wp-e7cc6-content\/uploads\/2014\/05\/Satzung-Camburger-Bogenschu\u0308tzen-nach-erster-A\u0308nderung-am-1.11.2013.pdf\">Satzung Camburger Bogenschuetzen<\/a><\/p>\n<p><a href=\"http:\/\/camburger-bogenschuetzen.de\/wp-e7cc6-content\/uploads\/2014\/05\/Beitragsordnung-Camburger-Bogenschu\u0308tzen.pdf\">Beitragsordnung Camburger Bogenschuetzen<\/a><\/p>\n<p><a href=\"http:\/\/camburger-bogenschuetzen.de\/?attachment_id=1343\" target=\"_blank\" rel=\"noopener noreferrer\">Was jeder Camburger Bogensch\u00fctze wissen sollte<\/a><\/p>\n<hr>\n<p><strong>Datenschutz:<\/strong><\/p>\n<p><a href=\"http:\/\/camburger-bogenschuetzen.de\/?attachment_id=1177\">Datenschutzerkl\u00e4rung<\/a> nach DSGVO<\/p>\n","protected":false},"excerpt":{"rendered":"<p>Im September 2013 sind wir aus dem Sch\u00fctzenverein Camburg 1784 e.V. ausgetreten und haben uns als Camburger Bogensch\u00fctzen e.V. selbst\u00e4ndig gemacht. Auf der Gr\u00fcndungsversammlung waren wir 19 Personen. Jetzt sind wir mehr als 100. Die Kindergruppen wachsen ebenso wie die Erwachsenengruppen. &nbsp;Dateien zum Download: Beitrittserklaerung Camburger Bogenschuetzen SEPA-Lastschrift&nbsp;f\u00fcr den Beitragseinzug Satzung Camburger Bogenschuetzen Beitragsordnung Camburger &hellip; <a href=\"https:\/\/camburger-bogenschuetzen.de\/?page_id=25\" class=\"more-link\"><span class=\"screen-reader-text\">Unser Verein<\/span> weiterlesen <span class=\"meta-nav\">&rarr;<\/span><\/a><\/p>\n","protected":false},"author":1,"featured_media":0,"parent":0,"menu_order":2,"comment_status":"closed","ping_status":"closed","template":"","meta":{"ngg_post_thumbnail":0,"footnotes":""},"class_list":["post-25","page","type-page","status-publish","hentry"],"_links":{"self":[{"href":"https:\/\/camburger-bogenschuetzen.de\/index.php?rest_route=\/wp\/v2\/pages\/25","targetHints":{"allow":["GET"]}}],"collection":[{"href":"https:\/\/camburger-bogenschuetzen.de\/index.php?rest_route=\/wp\/v2\/pages"}],"about":[{"href":"https:\/\/camburger-bogenschuetzen.de\/index.php?rest_route=\/wp\/v2\/types\/page"}],"author":[{"embeddable":true,"href":"https:\/\/camburger-bogenschuetzen.de\/index.php?rest_route=\/wp\/v2\/users\/1"}],"replies":[{"embeddable":true,"href":"https:\/\/camburger-bogenschuetzen.de\/index.php?rest_route=%2Fwp%2Fv2%2Fcomments&post=25"}],"version-history":[{"count":27,"href":"https:\/\/camburger-bogenschuetzen.de\/index.php?rest_route=\/wp\/v2\/pages\/25\/revisions"}],"predecessor-version":[{"id":3019,"href":"https:\/\/camburger-bogenschuetzen.de\/index.php?rest_route=\/wp\/v2\/pages\/25\/revisions\/3019"}],"wp:attachment":[{"href":"https:\/\/camburger-bogenschuetzen.de\/index.php?rest_route=%2Fwp%2Fv2%2Fmedia&parent=25"}],"curies":[{"name":"wp","href":"https:\/\/api.w.org\/{rel}","templated":true}]}}