{"id":1695,"date":"2022-12-31T23:00:00","date_gmt":"2022-12-31T22:00:00","guid":{"rendered":"http:\/\/camburger-bogenschuetzen.de\/?page_id=1695"},"modified":"2024-12-30T20:49:08","modified_gmt":"2024-12-30T19:49:08","slug":"cyriakusjagd-2023","status":"publish","type":"page","link":"https:\/\/camburger-bogenschuetzen.de\/?page_id=1695","title":{"rendered":"Cyriakusjagd 2023"},"content":{"rendered":"\n<hr class=\"wp-block-separator has-css-opacity\"\/>\n\n\n\n<p>Die ganze Arbeit, die schlaflosen N\u00e4chte und dann ist es einfach vorbei! So schnell! Jetzt ist schon wieder alles Material verstaut, gereinigt und gel\u00fcftet, die Auswertungsrunde steht an und damit auch die Grundlage f\u00fcr die Planung 2025. Herzlichen Dank an euch, wir hoffen, es hat euch gefallen. Wir hatten viel Freude mit euch. <\/p>\n\n\n\n<p>Der neue Parcours mit 34 Stationen steht jetzt der \u00d6ffentlichkeit und unseren Vereinsmitgliedern als Trainingsparcours wieder zur Verf\u00fcgung. Man sieht sich!<\/p>\n\n\n\n<p>Hier sind die <a rel=\"noreferrer noopener\" href=\"http:\/\/camburger-bogenschuetzen.de\/wp-e7cc6-content\/uploads\/2023\/07\/B_Auswertung-nach-Juergen-Lippek.pdf\" data-type=\"URL\" data-id=\"http:\/\/camburger-bogenschuetzen.de\/wp-e7cc6-content\/uploads\/2023\/07\/B_Auswertung-nach-Juergen-Lippek.pdf\" target=\"_blank\">Ergebnisse<\/a> und eine kleine Auswahl an <a rel=\"noreferrer noopener\" href=\"https:\/\/photos.app.goo.gl\/KZSXZkPsroQhPhCQ6\" data-type=\"URL\" data-id=\"https:\/\/photos.app.goo.gl\/KZSXZkPsroQhPhCQ6\" target=\"_blank\">Fotos<\/a>.<\/p>\n\n\n\n<p class=\"has-background\" style=\"background-color:#f80202\"><strong>04.01.2023<\/strong> &#8211; Unser Turnier ist ausgebucht! Alle Anmeldungen die jetzt noch eingehen, werde in der Reihenfolge ihres Einganges auf die Warteliste gesetzt.<\/p>\n\n\n\n<p class=\"has-background\" style=\"background-color:#efd610\">Es ist wieder soweit! Unsere 5. Cyriakusjagd werden wir am 1. und 2. Juli 2023 gemeinsam mit euch erleben. Unsere Planung l\u00e4uft auf Hochtouren und ab jetzt k\u00f6nnt ihr euch auch zum Turnier anmelden. Die ersten Infos findet ihr unten, sie werden bis zum Turnier weiter erg\u00e4nzt, also immer einmal hier vorbei schauen. <strong>Die komplette Turnierausschreibung und den Lageplan findet ihr weiter unten als Download.<\/strong><\/p>\n\n\n\n<p class=\"has-text-color has-background\" style=\"color:#f80000;background-color:#efd610\">Bitte lest die Seite bis zum Schluss, das erspart euch und uns unter Umst\u00e4nden unn\u00f6tige Arbeit :-). <\/p>\n\n\n\n<p>Bitte meldet euch mit Namen, Alter, Bogenart und Pfeilmaterial (Holz o. Carbon) per Email an.<\/p>\n\n\n\n<p>Die Anmeldung schickt bitte ausschlie\u00dflich an: <a href=\"mailto:cyriakusjagd@camburger-bogenschuetzen.de\">cyriakusjagd@camburger-bogenschuetzen.de<\/a><\/p>\n\n\n\n<p class=\"has-text-color\" style=\"color:#8a0c11\"><strong>Anmeldungen f\u00fcr beide Turniertage haben Vorrang vor Tagesanmeldungen.<\/strong><\/p>\n\n\n\n<p>Wir f\u00fchren eine Teilnehmerliste online. Nur Sch\u00fctzen*innen, die in der Liste stehen und das Startgeld rechtzeitig \u00fcberweisen haben, sind startberechtigt. Sollten wir \u00fcberbucht sein, geht es nach Datum des Geldeingangs.<\/p>\n\n\n\n<hr class=\"wp-block-separator has-alpha-channel-opacity\"\/>\n\n\n\n<h2 class=\"wp-block-heading\">Downloads<\/h2>\n\n\n\n<p><strong>Turnierausschreibung 2023<\/strong> <a href=\"http:\/\/camburger-bogenschuetzen.de\/wp-e7cc6-content\/uploads\/2023\/01\/2023_Ausschreibung_Cyriakusjagd_digital.pdf\" data-type=\"attachment\" data-id=\"1716\" target=\"_blank\" rel=\"noreferrer noopener\">Download<\/a><\/p>\n\n\n\n<p><strong>Lageplan 2023<\/strong> <a rel=\"noreferrer noopener\" href=\"http:\/\/camburger-bogenschuetzen.de\/wp-e7cc6-content\/uploads\/2023\/01\/Lageplan-2023.pdf\" data-type=\"attachment\" data-id=\"1711\" target=\"_blank\">Download<\/a><\/p>\n\n\n\n<p><strong>Starterliste<\/strong> <a href=\"http:\/\/camburger-bogenschuetzen.de\/wp-e7cc6-content\/uploads\/2023\/06\/20230621_Anmeldeliste.pdf\" target=\"_blank\" rel=\"noreferrer noopener\">Download<\/a><\/p>\n\n\n\n<hr class=\"wp-block-separator has-alpha-channel-opacity\"\/>\n\n\n\n<h2 class=\"wp-block-heading\">Erste Informationen:<\/h2>\n\n\n\n<p class=\"has-text-color\" style=\"color:#e8060a\"><em>Mit der Anmeldung zu dem Turnier erkennt ihr an, dass wir zum einen \u00f6ffentliche Teilnehmer- und Ergebnislisten f\u00fchren und auch Fotos der Teilnehmenden ver\u00f6ffentlic<\/em>ht.<\/p>\n","protected":false},"excerpt":{"rendered":"<p>Die ganze Arbeit, die schlaflosen N\u00e4chte und dann ist es einfach vorbei! So schnell! Jetzt ist schon wieder alles Material verstaut, gereinigt und gel\u00fcftet, die Auswertungsrunde steht an und damit auch die Grundlage f\u00fcr die Planung 2025. Herzlichen Dank an euch, wir hoffen, es hat euch gefallen. Wir hatten viel Freude mit euch. Der neue &hellip; <a href=\"https:\/\/camburger-bogenschuetzen.de\/?page_id=1695\" class=\"more-link\"><span class=\"screen-reader-text\">Cyriakusjagd 2023<\/span> weiterlesen <span class=\"meta-nav\">&rarr;<\/span><\/a><\/p>\n","protected":false},"author":1,"featured_media":1287,"parent":888,"menu_order":8,"comment_status":"closed","ping_status":"closed","template":"","meta":{"ngg_post_thumbnail":0,"footnotes":""},"class_list":["post-1695","page","type-page","status-publish","has-post-thumbnail","hentry"],"_links":{"self":[{"href":"https:\/\/camburger-bogenschuetzen.de\/index.php?rest_route=\/wp\/v2\/pages\/1695","targetHints":{"allow":["GET"]}}],"collection":[{"href":"https:\/\/camburger-bogenschuetzen.de\/index.php?rest_route=\/wp\/v2\/pages"}],"about":[{"href":"https:\/\/camburger-bogenschuetzen.de\/index.php?rest_route=\/wp\/v2\/types\/page"}],"author":[{"embeddable":true,"href":"https:\/\/camburger-bogenschuetzen.de\/index.php?rest_route=\/wp\/v2\/users\/1"}],"replies":[{"embeddable":true,"href":"https:\/\/camburger-bogenschuetzen.de\/index.php?rest_route=%2Fwp%2Fv2%2Fcomments&post=1695"}],"version-history":[{"count":19,"href":"https:\/\/camburger-bogenschuetzen.de\/index.php?rest_route=\/wp\/v2\/pages\/1695\/revisions"}],"predecessor-version":[{"id":1897,"href":"https:\/\/camburger-bogenschuetzen.de\/index.php?rest_route=\/wp\/v2\/pages\/1695\/revisions\/1897"}],"up":[{"embeddable":true,"href":"https:\/\/camburger-bogenschuetzen.de\/index.php?rest_route=\/wp\/v2\/pages\/888"}],"wp:featuredmedia":[{"embeddable":true,"href":"https:\/\/camburger-bogenschuetzen.de\/index.php?rest_route=\/wp\/v2\/media\/1287"}],"wp:attachment":[{"href":"https:\/\/camburger-bogenschuetzen.de\/index.php?rest_route=%2Fwp%2Fv2%2Fmedia&parent=1695"}],"curies":[{"name":"wp","href":"https:\/\/api.w.org\/{rel}","templated":true}]}}