{"id":15,"date":"2014-05-08T14:23:29","date_gmt":"2014-05-08T12:23:29","guid":{"rendered":"http:\/\/localhost:8888\/wordpress\/?page_id=15"},"modified":"2026-02-08T14:12:54","modified_gmt":"2026-02-08T13:12:54","slug":"training","status":"publish","type":"page","link":"https:\/\/camburger-bogenschuetzen.de\/?page_id=15","title":{"rendered":"Training"},"content":{"rendered":"<p>&nbsp;<\/p>\n<h4>Trainingszeiten<\/h4>\n<p><span style=\"color: #ff0000;\"><strong>Aufgrund der Bauarbeiten im Alten Rathaus findet das Wintertraining 2025\/26 nur nach Absprache mit den Trainerinnen und Trainern statt!<\/strong><\/span><\/p>\n<p>Am regelm\u00e4\u00dfigen Nachwuchstraining unseres Vereins k\u00f6nnen <strong>Kinder ab 10 Jahren<\/strong> teilnehmen.<\/p>\n<p>Vor den ersten Trainingsbesuch bitte <a href=\"mailto:kontakt@camburger-bogenschuetzen.de\">Kontakt<\/a> aufnehmen.<\/p>\n<p><strong>Im Winterhalbjahr findet das Training <\/strong><strong>im Alten Rathaus Camburg statt (vorraussichtlich wieder ab Herbst 2026).<\/strong><\/p>\n<p><strong><em>Montag<\/em><\/strong><\/p>\n<p>17:00 bis 18:30 Uhr Kinder I<\/p>\n<p>18:30 bis 20:00 Uhr Kinder II\/Jugend<\/p>\n<p>ab 19:30 Uhr Erwachsene<\/p>\n<p><strong><em>Dienstag<\/em><\/strong><\/p>\n<p>17:00 bis 18:30 Uhr Kinder\/Jugend III<\/p>\n<p><strong><em>Mittwoch<\/em><\/strong><\/p>\n<p>18:00 bis 19:30 Uhr Kinder\/Jugend IV<\/p>\n<p><strong><em>Freitag<\/em><\/strong><\/p>\n<p>18:00 Jugend<\/p>\n<p>ab 19:30 Uhr Erwachsene (nach Absprache)<\/p>\n<hr \/>\n<p><strong>Sommerhalbjahr Bogenparcours im St\u00f6bener Wald:<\/strong><\/p>\n<p><strong><em>Montag<\/em><\/strong><\/p>\n<p>17:00 bis 18:30 Uhr Kinder I<\/p>\n<p>18:30 bis 20:00 Uhr Kinder II\/Jugend<\/p>\n<p>Ab 18:00 Uhr Erwachsene<\/p>\n<p><strong><em>Dienstag <\/em><\/strong><\/p>\n<p>17:00 bis 18:30 Uhr Kinder\/Jugend III<\/p>\n<p><strong><em>Mittwoch<\/em><\/strong><\/p>\n<p>18:00 bis 19:30 Uhr Kinder\/Jugend IV<\/p>\n<p><strong><em>Freitag<\/em><\/strong><\/p>\n<p>Nach Absprache<\/p>\n<hr \/>\n<p><a href=\"http:\/\/camburger-bogenschuetzen.de\/?attachment_id=1152\">Merkblatt f\u00fcr Eltern zur Ausr\u00fcstung der Kinder und&nbsp; Pflege der Ausr\u00fcstung<\/a><\/p>\n<p>&nbsp;<\/p>\n\n\n<p><\/p>\n","protected":false},"excerpt":{"rendered":"<p>&nbsp; Trainingszeiten Aufgrund der Bauarbeiten im Alten Rathaus findet das Wintertraining 2025\/26 nur nach Absprache mit den Trainerinnen und Trainern statt! Am regelm\u00e4\u00dfigen Nachwuchstraining unseres Vereins k\u00f6nnen Kinder ab 10 Jahren teilnehmen. Vor den ersten Trainingsbesuch bitte Kontakt aufnehmen. Im Winterhalbjahr findet das Training im Alten Rathaus Camburg statt (vorraussichtlich wieder ab Herbst 2026). Montag &hellip; <a href=\"https:\/\/camburger-bogenschuetzen.de\/?page_id=15\" class=\"more-link\"><span class=\"screen-reader-text\">Training<\/span> weiterlesen <span class=\"meta-nav\">&rarr;<\/span><\/a><\/p>\n","protected":false},"author":1,"featured_media":0,"parent":0,"menu_order":3,"comment_status":"closed","ping_status":"closed","template":"page-templates\/full-width.php","meta":{"ngg_post_thumbnail":0,"footnotes":""},"class_list":["post-15","page","type-page","status-publish","hentry"],"_links":{"self":[{"href":"https:\/\/camburger-bogenschuetzen.de\/index.php?rest_route=\/wp\/v2\/pages\/15","targetHints":{"allow":["GET"]}}],"collection":[{"href":"https:\/\/camburger-bogenschuetzen.de\/index.php?rest_route=\/wp\/v2\/pages"}],"about":[{"href":"https:\/\/camburger-bogenschuetzen.de\/index.php?rest_route=\/wp\/v2\/types\/page"}],"author":[{"embeddable":true,"href":"https:\/\/camburger-bogenschuetzen.de\/index.php?rest_route=\/wp\/v2\/users\/1"}],"replies":[{"embeddable":true,"href":"https:\/\/camburger-bogenschuetzen.de\/index.php?rest_route=%2Fwp%2Fv2%2Fcomments&post=15"}],"version-history":[{"count":38,"href":"https:\/\/camburger-bogenschuetzen.de\/index.php?rest_route=\/wp\/v2\/pages\/15\/revisions"}],"predecessor-version":[{"id":3046,"href":"https:\/\/camburger-bogenschuetzen.de\/index.php?rest_route=\/wp\/v2\/pages\/15\/revisions\/3046"}],"wp:attachment":[{"href":"https:\/\/camburger-bogenschuetzen.de\/index.php?rest_route=%2Fwp%2Fv2%2Fmedia&parent=15"}],"curies":[{"name":"wp","href":"https:\/\/api.w.org\/{rel}","templated":true}]}}