{"id":1389,"date":"2021-01-01T00:00:00","date_gmt":"2020-12-31T23:00:00","guid":{"rendered":"http:\/\/camburger-bogenschuetzen.de\/?page_id=1389"},"modified":"2022-12-30T21:45:58","modified_gmt":"2022-12-30T20:45:58","slug":"cyriakusjagd-2021","status":"publish","type":"page","link":"https:\/\/camburger-bogenschuetzen.de\/?page_id=1389","title":{"rendered":"Cyriakusjagd 2021"},"content":{"rendered":"\n<p>Es ist wieder Zeit f\u00fcr einen R\u00fcckblick auf das Cyriakusfest 2021. P\u00fcnktlich, kurz vor dem Weihnachtsfest wurde er fertig! Die Premiere fand im kleinen Kreise  mit Abstand statt. Diesmal hat <strong><em>Burkh.Studio<\/em><\/strong> nicht nur wieder in die Trickkiste gegriffen, nein es ist ein R\u00fcckblick in Spielfilml\u00e4nge entstanden! Sehet und staunet in 4 Akten! Wir w\u00fcnschen euch viele sch\u00f6ne Erinnerungen beim Ansehen und eine besinnliche Weihnachtszeit. Bleibt gesund und positiv eingestellt.<\/p>\n\n\n\n<figure class=\"wp-block-embed is-type-video is-provider-youtube wp-block-embed-youtube wp-embed-aspect-16-9 wp-has-aspect-ratio\"><div class=\"wp-block-embed__wrapper\">\n<iframe loading=\"lazy\" title=\"Cyriakusfest 2021\" width=\"474\" height=\"267\" src=\"https:\/\/www.youtube.com\/embed\/YZ_0S-VzozU?feature=oembed\" frameborder=\"0\" allow=\"accelerometer; autoplay; clipboard-write; encrypted-media; gyroscope; picture-in-picture; web-share\" referrerpolicy=\"strict-origin-when-cross-origin\" allowfullscreen><\/iframe>\n<\/div><figcaption class=\"wp-element-caption\">Cyriakusfest 2021 ein R\u00fcckblick<\/figcaption><\/figure>\n\n\n\n<p class=\"has-background\" style=\"background-color:#91a300\">Was f\u00fcr ein Wochenende! Erst sorgte Corona f\u00fcr ein st\u00e4ndiges Auf und Ab in unseren Planungen f\u00fcr das Cyriakusfest. Dann kam der Freitag mit Starkregen, Schlamm bis zu den Kn\u00f6cheln und wir schoben wieder Dinge auf, die wir aber erledigen mussten, damit Samstag und Sonntag Turnier und Fest stattfinden konnten. Danke an die vielen Unterst\u00fctzerInnen, die mit angepackt haben, bis auf die Haut nass wurden und trotzdem weitergemacht haben! Danke an die freiwillige Feuerwehr Camburg und das THW!<\/p>\n\n\n\n<p class=\"has-background\" style=\"background-color:#91a300\">Das Wetter am Samstag hat gepasst und der erste Turniertag lief reibungslos \u00fcber die B\u00fchne. Wir hatten viele Tagesg\u00e4ste auf unserem Mittelaltermarkt, vor allem Familien mit Kindern. Der Vortag war fast vergessen! Eines unserer Ziele hat einige Sch\u00fctzInnen verzweifeln lassen, f\u00fcr sie haben wir eine gute Nachricht: Die R\u00f6hre wird als Ziel auf unserem Parcours stehen bleiben! Am Sonntag hatte der Regen Erbarmen mit uns und zum Ausschie\u00dfen des &#8222;Apfelk\u00f6nigs&#8220; und der anschlie\u00dfenden Siegerehrung war es trocken.<\/p>\n\n\n\n<p class=\"has-background\" style=\"background-color:#91a300\">Wir hoffen, ihr hatte ein sch\u00f6nes Wochenende bei uns und seid alle wohlbehalten zu Hause angekommen!<\/p>\n\n\n\n<p>Hier kommen die Ergebnisse und eine erste Auswahl an Fotos.<\/p>\n\n\n\n<p>Hier geht es zur <a href=\"https:\/\/photos.app.goo.gl\/XDauHGk7CMvCreXP7\">Fotogalerie<\/a>.<\/p>\n\n\n\n<div class=\"wp-block-file\"><a id=\"wp-block-file--media-9c0c6c86-9ded-4611-b705-c0f6ef636582\" href=\"http:\/\/camburger-bogenschuetzen.de\/wp-e7cc6-content\/uploads\/2021\/07\/B_Auswertung-nach-Ju\u0308rgen-Lippek.pdf\">Ergebnislisten der Cyriacusjagd 2021<\/a><a href=\"http:\/\/camburger-bogenschuetzen.de\/wp-e7cc6-content\/uploads\/2021\/07\/B_Auswertung-nach-Ju\u0308rgen-Lippek.pdf\" class=\"wp-block-file__button wp-element-button\" download aria-describedby=\"wp-block-file--media-9c0c6c86-9ded-4611-b705-c0f6ef636582\">Herunterladen<\/a><\/div>\n\n\n\n<hr class=\"wp-block-separator has-css-opacity\"\/>\n\n\n\n<p class=\"has-background\" style=\"background-color:#f58d04\"><strong>Wer nicht wagt, der nicht gewinnt! Die Cyriakusjagd und das Mittelalterfest werden stattfinden!<\/strong> Wir arbeiteten zur Zeit intensiv an den letzten organisatorischen Dingen um ein rundum gelungenes Fest und Turnier abzuliefern. <\/p>\n\n\n\n<p class=\"has-background\" style=\"background-color:#f58a07\"><strong>Lageplan<\/strong> f\u00fcr alle BesucherInnen und alle TurnierteilnehmerInnen zum Download. Im Plan findet ihr den Parkplatz, den Zelt- und Campingplatz, die Anmeldung usw. In Camburg werden Hinweisschilder aufgestellt sein, die euch zu den einzelnen Punkten leiten sollen.<\/p>\n\n\n\n<p class=\"has-background\" style=\"background-color:#f58a07\">Am Zelt- und Campingplatz wird es kein Frischwasser geben! Toiletten werden aufgestellt &#8211; haltet sie bitte sauber!<\/p>\n\n\n\n<h2 class=\"wp-block-heading\">Lageplan<\/h2>\n\n\n\n<div class=\"wp-block-file\"><a id=\"wp-block-file--media-29ecde2b-2aa1-4c9f-a773-d4db94eada74\" href=\"http:\/\/camburger-bogenschuetzen.de\/wp-e7cc6-content\/uploads\/2021\/06\/Lageplan-2021.jpg\">Lageplan 2021<\/a><a href=\"http:\/\/camburger-bogenschuetzen.de\/wp-e7cc6-content\/uploads\/2021\/06\/Lageplan-2021.jpg\" class=\"wp-block-file__button wp-element-button\" download aria-describedby=\"wp-block-file--media-29ecde2b-2aa1-4c9f-a773-d4db94eada74\">Herunterladen<\/a><\/div>\n\n\n\n<hr class=\"wp-block-separator has-css-opacity\"\/>\n\n\n\n<p class=\"has-background\" style=\"background-color:#06cf6b\">Die aktuelle Starterliste zum Download (PDF). Diese Liste wird bis zum Turnier nicht mehr aktualisiert &#8211; Stand: 29.06.2021.<\/p>\n\n\n\n<h2 class=\"wp-block-heading\">Starterliste<\/h2>\n\n\n\n<div class=\"wp-block-file\"><a id=\"wp-block-file--media-927292af-63f1-4d97-8832-6e14960d535e\" href=\"http:\/\/camburger-bogenschuetzen.de\/wp-e7cc6-content\/uploads\/2021\/06\/B_Startgeldbericht.pdf\">Starterliste<\/a><a href=\"http:\/\/camburger-bogenschuetzen.de\/wp-e7cc6-content\/uploads\/2021\/06\/B_Startgeldbericht.pdf\" class=\"wp-block-file__button wp-element-button\" download aria-describedby=\"wp-block-file--media-927292af-63f1-4d97-8832-6e14960d535e\">Herunterladen<\/a><\/div>\n\n\n\n<p class=\"has-black-color has-text-color has-background\" style=\"background-color:#dcefd1\"><strong>Wir wagen es! <\/strong>Hier finden sie die Ausschreibung und alle wichtigen Informationen zur Cyriakusjagd 2021. Ein Mittelaltermarkt wird wieder den Rahmen f\u00fcr unser Turnier bilden. Also Mittelaltergewandung raus suchen, Mottenl\u00f6cher stopfen und zum Turnier anmelden! Die Informationen auf dieser Seite werden aktuell gehalten, es lohnt sich ab und an hier rein zu schauen.<\/p>\n\n\n\n<h2 class=\"wp-block-heading\">Ausschreibung<\/h2>\n\n\n\n<div class=\"wp-block-file\"><a id=\"wp-block-file--media-071b6d1d-c0a2-4ea2-aa55-697149bfc130\" href=\"http:\/\/camburger-bogenschuetzen.de\/wp-e7cc6-content\/uploads\/2020\/12\/2021_Ausschreibung_Cyriakusjagd_Endfassung_Web.pdf\">2021_Ausschreibung_Cyriakusjagd<\/a><a href=\"http:\/\/camburger-bogenschuetzen.de\/wp-e7cc6-content\/uploads\/2020\/12\/2021_Ausschreibung_Cyriakusjagd_Endfassung_Web.pdf\" class=\"wp-block-file__button wp-element-button\" download aria-describedby=\"wp-block-file--media-071b6d1d-c0a2-4ea2-aa55-697149bfc130\">Herunterladen<\/a><\/div>\n\n\n\n<p class=\"has-background\" style=\"background-color:#f2c793\">Wenn die Cyriakusjagd 2021 nicht stattfinden kann z.B. wegen der Covid 19 Pandemie, haben sie die Wahl ihr Startgeld sich zur\u00fcck \u00fcberweisen zu lassen oder es f\u00fcr die n\u00e4chste Cyriakusjagd im Jahr 2022 stehen zu lassen. Hoffen wir, dass das nicht n\u00f6tig sein wird und wir gemeinsam ein erlebnisreiches Wochenende verbringen werden!<\/p>\n\n\n\n<hr class=\"wp-block-separator has-css-opacity\"\/>\n\n\n\n<h2 class=\"wp-block-heading\">Erste Informationen:<\/h2>\n\n\n\n<p class=\"has-text-color\" style=\"color:#e8060a\"><em>Mit der Anmeldung zu dem Turnier erkennt ihr an, dass wir zum einen \u00f6ffentliche Teilnehmer- und Ergebnislisten f\u00fchren und auch Fotos der Teilnehmer ver\u00f6ffentlichen.<\/em><\/p>\n\n\n\n<hr class=\"wp-block-separator has-css-opacity\"\/>\n\n\n\n<p><strong>Freitag&nbsp; 09.07.2021<\/strong><\/p>\n\n\n\n<p>Anreise ist ab Nachmittag m\u00f6glich.<\/p>\n\n\n\n<p>Wir bieten vor Ort, ab 18.00 Uhr die M\u00f6glichkeit Steaks und Bratw\u00fcrste frisch vom Rost zu erwerben. Meldet Euch daf\u00fcr bitte an, damit wir besser kalkulieren k\u00f6nnen.<\/p>\n\n\n\n<p>Ab ca. 19.30-20.30 Uhr gibt es die M\u00f6glichkeit sich schon anzumelden.<\/p>\n\n\n\n<p><strong>Samstag&nbsp; 10.07.2021<\/strong><\/p>\n\n\n\n<p>ab &nbsp;&nbsp;&nbsp;8:00 Uhr&nbsp;&nbsp;&nbsp;&nbsp;&nbsp; Anmeldung, Fr\u00fchst\u00fcck m\u00f6glich<\/p>\n\n\n\n<p>&nbsp;&nbsp;&nbsp;&nbsp;&nbsp; &nbsp;&nbsp; 9:30 Uhr &nbsp;&nbsp;&nbsp;&nbsp; Begr\u00fc\u00dfung<\/p>\n\n\n\n<p>&nbsp;&nbsp;&nbsp;&nbsp;&nbsp; &nbsp;10:00 Uhr &nbsp;&nbsp;&nbsp;&nbsp; Schie\u00dfbeginn<\/p>\n\n\n\n<p><strong>Sonntag&nbsp; 11.07.2021<\/strong><\/p>\n\n\n\n<p>ab &nbsp;&nbsp;8:30 Uhr &nbsp;&nbsp;&nbsp;&nbsp;&nbsp; Anmeldung Fr\u00fchst\u00fcck m\u00f6glich<\/p>\n\n\n\n<p>&nbsp;&nbsp;&nbsp;&nbsp;&nbsp; &nbsp; 9:00 Uhr<strong>&nbsp; <\/strong>&nbsp;&nbsp;&nbsp;&nbsp;&nbsp; selbstst\u00e4ndiges Gehen zu den Stationen<\/p>\n\n\n\n<p>&nbsp;&nbsp;&nbsp;&nbsp;&nbsp; &nbsp; 9:30 Uhr &nbsp;&nbsp;&nbsp;&nbsp;&nbsp; Schie\u00dfbeginn<\/p>\n\n\n\n<p>Das Turnier findet im Rahmen des Cyriakusfestes rund um die Cyriaksruine im St\u00f6bener Wald bei Camburg statt. Euch erwarten Ritterk\u00e4mpfe, Musik, mittelalterliches Markttreiben, Gaukelei und eine Feuershow. Das Tragen von Gewandung ist ausdr\u00fccklich erw\u00fcnscht.<\/p>\n\n\n\n<hr class=\"wp-block-separator has-css-opacity\"\/>\n\n\n\n<h2 class=\"wp-block-heading\">Anmeldung:<\/h2>\n\n\n\n<p>Startgeb\u00fchr:<\/p>\n\n\n\n<figure class=\"wp-block-table\"><table><tbody><tr><td>&nbsp;<\/td><td><strong>Erwachsene<\/strong><\/td><td><strong>Jugend<\/strong><\/td><\/tr><tr><td><strong>1 Tag<\/strong><\/td><td>18 \u20ac<\/td><td>12 \u20ac<\/td><\/tr><tr><td><strong>2 Tage<\/strong><\/td><td>30 \u20ac<\/td><td>22 \u20ac<\/td><\/tr><\/tbody><\/table><figcaption class=\"wp-element-caption\">Tabelle Startgeb\u00fchr<\/figcaption><\/figure>\n\n\n\n<p>Das Startgeld bitte \u00fcberweisen auf:<\/p>\n\n\n\n<p><strong>IBAN: DE 61 8305 3030 0018 0376 31<br>BIC: HELADEF1JEN<br>Sparkasse Jena-Saale-Holzland<\/strong><\/p>\n\n\n\n<p>Wir f\u00fchren eine Teilnehmerliste online. Nur Sch\u00fctzen*innen, die in der Liste stehen und das Startgeld rechtzeitig \u00fcberweisen haben, sind startberechtigt. Sollten wir \u00fcberbucht sein, geht es nach Datum des Geldeingangs.<\/p>\n\n\n\n<p>Anmeldungen f\u00fcr beide Turniertage haben Vorrang vor Tagesanmeldungen.<\/p>\n\n\n\n<p>Hiermit zahlt Ihr auch gleichzeitig den Eintritt f\u00fcr den Mittelaltermarkt.<\/p>\n\n\n\n<p>Die Anmeldung schickt bitte ausschlie\u00dflich an: <a href=\"mailto:cyriakusjagd@camburger-bogenschuetzen.de\">cyriakusjagd@camburger-bogenschuetzen.de<\/a><\/p>\n","protected":false},"excerpt":{"rendered":"<p>Es ist wieder Zeit f\u00fcr einen R\u00fcckblick auf das Cyriakusfest 2021. P\u00fcnktlich, kurz vor dem Weihnachtsfest wurde er fertig! Die Premiere fand im kleinen Kreise mit Abstand statt. Diesmal hat Burkh.Studio nicht nur wieder in die Trickkiste gegriffen, nein es ist ein R\u00fcckblick in Spielfilml\u00e4nge entstanden! Sehet und staunet in 4 Akten! Wir w\u00fcnschen euch &hellip; <a href=\"https:\/\/camburger-bogenschuetzen.de\/?page_id=1389\" class=\"more-link\"><span class=\"screen-reader-text\">Cyriakusjagd 2021<\/span> weiterlesen <span class=\"meta-nav\">&rarr;<\/span><\/a><\/p>\n","protected":false},"author":1,"featured_media":1287,"parent":888,"menu_order":1,"comment_status":"closed","ping_status":"closed","template":"","meta":{"ngg_post_thumbnail":0,"footnotes":""},"class_list":["post-1389","page","type-page","status-publish","has-post-thumbnail","hentry"],"_links":{"self":[{"href":"https:\/\/camburger-bogenschuetzen.de\/index.php?rest_route=\/wp\/v2\/pages\/1389","targetHints":{"allow":["GET"]}}],"collection":[{"href":"https:\/\/camburger-bogenschuetzen.de\/index.php?rest_route=\/wp\/v2\/pages"}],"about":[{"href":"https:\/\/camburger-bogenschuetzen.de\/index.php?rest_route=\/wp\/v2\/types\/page"}],"author":[{"embeddable":true,"href":"https:\/\/camburger-bogenschuetzen.de\/index.php?rest_route=\/wp\/v2\/users\/1"}],"replies":[{"embeddable":true,"href":"https:\/\/camburger-bogenschuetzen.de\/index.php?rest_route=%2Fwp%2Fv2%2Fcomments&post=1389"}],"version-history":[{"count":25,"href":"https:\/\/camburger-bogenschuetzen.de\/index.php?rest_route=\/wp\/v2\/pages\/1389\/revisions"}],"predecessor-version":[{"id":1701,"href":"https:\/\/camburger-bogenschuetzen.de\/index.php?rest_route=\/wp\/v2\/pages\/1389\/revisions\/1701"}],"up":[{"embeddable":true,"href":"https:\/\/camburger-bogenschuetzen.de\/index.php?rest_route=\/wp\/v2\/pages\/888"}],"wp:featuredmedia":[{"embeddable":true,"href":"https:\/\/camburger-bogenschuetzen.de\/index.php?rest_route=\/wp\/v2\/media\/1287"}],"wp:attachment":[{"href":"https:\/\/camburger-bogenschuetzen.de\/index.php?rest_route=%2Fwp%2Fv2%2Fmedia&parent=1389"}],"curies":[{"name":"wp","href":"https:\/\/api.w.org\/{rel}","templated":true}]}}