{"id":1194,"date":"2018-10-17T20:51:57","date_gmt":"2018-10-17T18:51:57","guid":{"rendered":"http:\/\/camburger-bogenschuetzen.de\/?page_id=1194"},"modified":"2019-11-11T18:49:37","modified_gmt":"2019-11-11T17:49:37","slug":"cyriakusjagd-2019","status":"publish","type":"page","link":"https:\/\/camburger-bogenschuetzen.de\/?page_id=1194","title":{"rendered":"Cyriakusjagd 2019"},"content":{"rendered":"<h1 style=\"text-align: center;\" data-canvas-width=\"47.6744\"><span style=\"color: #ff0000;\">Turnier ist AUSGEBUCHT!<\/span><\/h1>\n<p style=\"text-align: center;\"><strong><em>Seit Dezember 2018 ist unser Turnier bereits ausgebucht.<\/em><\/strong><\/p>\n<p style=\"text-align: center;\"><strong><em>Alle weiterhin eingehenden Anmeldungen werden auf die Warteliste gesetzt.<\/em><\/strong><\/p>\n<hr>\n<p data-canvas-width=\"47.6744\">Auf dieser Seite ver\u00f6ffentlichen wir schrittweise alle Informationen zur Cyriakusjagd 2019.<\/p>\n<p data-canvas-width=\"47.6744\">Schaut regelm\u00e4\u00dfig und vor allem kurz vor dem Turnier auf diese Seite.<\/p>\n<p style=\"text-align: left;\" data-canvas-width=\"47.6744\">Termin:&nbsp;&nbsp;&nbsp;&nbsp;&nbsp;&nbsp;&nbsp;&nbsp;&nbsp;<strong>&nbsp; 6.\/7. Juli 2019<\/strong><\/p>\n<hr>\n<p data-canvas-width=\"47.6744\"><span style=\"color: #333333;\">Ausschreibung 2019:<\/span><\/p>\n<div data-canvas-width=\"47.6744\"><img loading=\"lazy\" decoding=\"async\" class=\"size-large wp-image-1199 alignnone\" src=\"http:\/\/camburger-bogenschuetzen.de\/wp-e7cc6-content\/uploads\/2018\/10\/aussschreibung-cyriakusjagd-2019_Seite_2-1024x724.jpg\" alt=\"\" width=\"474\" height=\"335\" srcset=\"https:\/\/camburger-bogenschuetzen.de\/wp-e7cc6-content\/uploads\/2018\/10\/aussschreibung-cyriakusjagd-2019_Seite_2-1024x724.jpg 1024w, https:\/\/camburger-bogenschuetzen.de\/wp-e7cc6-content\/uploads\/2018\/10\/aussschreibung-cyriakusjagd-2019_Seite_2-150x106.jpg 150w, https:\/\/camburger-bogenschuetzen.de\/wp-e7cc6-content\/uploads\/2018\/10\/aussschreibung-cyriakusjagd-2019_Seite_2-300x212.jpg 300w, https:\/\/camburger-bogenschuetzen.de\/wp-e7cc6-content\/uploads\/2018\/10\/aussschreibung-cyriakusjagd-2019_Seite_2-768x543.jpg 768w\" sizes=\"auto, (max-width: 474px) 100vw, 474px\" \/> <img loading=\"lazy\" decoding=\"async\" class=\"alignnone wp-image-1198 size-large\" src=\"http:\/\/camburger-bogenschuetzen.de\/wp-e7cc6-content\/uploads\/2018\/10\/aussschreibung-cyriakusjagd-2019_Seite_1-1024x724.jpg\" alt=\"\" width=\"474\" height=\"335\" srcset=\"https:\/\/camburger-bogenschuetzen.de\/wp-e7cc6-content\/uploads\/2018\/10\/aussschreibung-cyriakusjagd-2019_Seite_1-1024x724.jpg 1024w, https:\/\/camburger-bogenschuetzen.de\/wp-e7cc6-content\/uploads\/2018\/10\/aussschreibung-cyriakusjagd-2019_Seite_1-150x106.jpg 150w, https:\/\/camburger-bogenschuetzen.de\/wp-e7cc6-content\/uploads\/2018\/10\/aussschreibung-cyriakusjagd-2019_Seite_1-300x212.jpg 300w, https:\/\/camburger-bogenschuetzen.de\/wp-e7cc6-content\/uploads\/2018\/10\/aussschreibung-cyriakusjagd-2019_Seite_1-768x543.jpg 768w\" sizes=\"auto, (max-width: 474px) 100vw, 474px\" \/><\/div>\n<div style=\"text-align: center;\" data-canvas-width=\"47.6744\">\n<hr>\n<p><a href=\"http:\/\/camburger-bogenschuetzen.de\/wp-e7cc6-content\/uploads\/2018\/10\/aussschreibung-cyriakusjagd-2019.pdf\">Ausschreibung als Download (PDF)<\/a><\/p>\n<p data-canvas-width=\"47.6744\"><a href=\"http:\/\/camburger-bogenschuetzen.de\/wp-e7cc6-content\/uploads\/2019\/07\/Teilnehmer-Cyriakusjagd20190703.pdf\">Anmeldeliste-Cyriakusjagd 2019 final (PDF)<\/a><\/p>\n<\/div>\n<div data-canvas-width=\"47.6744\">&nbsp;<\/div>\n<div data-canvas-width=\"47.6744\">\n<hr><\/div>\n<div data-canvas-width=\"47.6744\">&nbsp;<\/div>\n<div data-canvas-width=\"47.6744\"><strong>Anmeldung:<\/strong><\/div>\n<div data-canvas-width=\"47.6744\">Meldet Euch bitte mit Name, Vorname, Bogenklasse, Pfeilmaterial und Wettkampfklasse unter<\/div>\n<div data-canvas-width=\"47.6744\">&nbsp;<\/div>\n<div data-canvas-width=\"47.6744\"><a href=\"mailto:cyriakusjagd@camburger-bogenschuetzen.de\">cyriakusjagd@camburger-bogenschuetzen.de<\/a><\/div>\n<div data-canvas-width=\"47.6744\">&nbsp;<\/div>\n<div data-canvas-width=\"47.6744\">an.<\/div>\n<div data-canvas-width=\"47.6744\">&nbsp;<\/div>\n<div data-canvas-width=\"47.6744\"><span style=\"color: #ff0000;\"><strong>Nach der Anmeldung bekommt ihr eine Anmeldebest\u00e4tigung, dann k\u00f6nnt ihr das Startgeld \u00fcberweisen.<\/strong><\/span><\/div>\n<div data-canvas-width=\"47.6744\">&nbsp;<\/div>\n<div data-canvas-width=\"47.6744\">Wenn Ihr mehrere Personen anmeldet, tragt die Namen bitte auf der \u00dcberweisung des Startgeldes ein.<\/div>\n<div data-canvas-width=\"47.6744\">\n<hr><\/div>\n<div data-canvas-width=\"54.096\"><strong>Konto:<\/strong><\/div>\n<div data-canvas-width=\"261.42719999999997\">Camburger Bogensch\u00fctzen e.V.<\/div>\n<div data-canvas-width=\"267.03919999999994\">IBAN DE61 8305 3030 0018 0376 31<\/div>\n<div data-canvas-width=\"131.44959999999998\">BIC HELADEF1JEN<\/div>\n<div data-canvas-width=\"131.44959999999998\">\n<hr><\/div>\n\n\n<h2 class=\"wp-block-heading\"><strong><em>Zeiten, die nicht in der Ausschreibung stehen:<\/em><\/strong><\/h2>\n\n\n\n<p><em>Freitag 09.07.2019<\/em><\/p>\n\n\n\n<p>18:00-19:00 Uhr schmei\u00dfen wir den Rost im Marktbereich an, es gibt Bratw\u00fcrste ( 2 Euro ) und Steaks ( 3 Euro) mit Br\u00f6tchen.<\/p>\n\n\n\n<p>19:05-20:00 Uhr vorzeitige Anmeldung. Ihr k\u00f6nnt eure Startkarten und B\u00e4ndchen abholen und noch eventuelle \u00c4nderungen vornehmen.<\/p>\n\n\n\n<p><em>Samstag 10.7.2019<\/em><\/p>\n\n\n\n<p>16:30 Sonderschuss! Wir veranstalten wieder einen extreeeeeeeeeeeeeeem weiten Schuss.<\/p>\n\n\n\n<p>Es gibt wieder 3d Tiere zu gewinnen und die Teilnahme ist im Startgeld mit drin<\/p>\n","protected":false},"excerpt":{"rendered":"<p>Turnier ist AUSGEBUCHT! Seit Dezember 2018 ist unser Turnier bereits ausgebucht. Alle weiterhin eingehenden Anmeldungen werden auf die Warteliste gesetzt. Auf dieser Seite ver\u00f6ffentlichen wir schrittweise alle Informationen zur Cyriakusjagd 2019. Schaut regelm\u00e4\u00dfig und vor allem kurz vor dem Turnier auf diese Seite. Termin:&nbsp;&nbsp;&nbsp;&nbsp;&nbsp;&nbsp;&nbsp;&nbsp;&nbsp;&nbsp; 6.\/7. Juli 2019 Ausschreibung 2019: Ausschreibung als Download (PDF) Anmeldeliste-Cyriakusjagd 2019 &hellip; <a href=\"https:\/\/camburger-bogenschuetzen.de\/?page_id=1194\" class=\"more-link\"><span class=\"screen-reader-text\">Cyriakusjagd 2019<\/span> weiterlesen <span class=\"meta-nav\">&rarr;<\/span><\/a><\/p>\n","protected":false},"author":1,"featured_media":0,"parent":888,"menu_order":3,"comment_status":"closed","ping_status":"closed","template":"","meta":{"ngg_post_thumbnail":0,"footnotes":""},"class_list":["post-1194","page","type-page","status-publish","hentry"],"_links":{"self":[{"href":"https:\/\/camburger-bogenschuetzen.de\/index.php?rest_route=\/wp\/v2\/pages\/1194","targetHints":{"allow":["GET"]}}],"collection":[{"href":"https:\/\/camburger-bogenschuetzen.de\/index.php?rest_route=\/wp\/v2\/pages"}],"about":[{"href":"https:\/\/camburger-bogenschuetzen.de\/index.php?rest_route=\/wp\/v2\/types\/page"}],"author":[{"embeddable":true,"href":"https:\/\/camburger-bogenschuetzen.de\/index.php?rest_route=\/wp\/v2\/users\/1"}],"replies":[{"embeddable":true,"href":"https:\/\/camburger-bogenschuetzen.de\/index.php?rest_route=%2Fwp%2Fv2%2Fcomments&post=1194"}],"version-history":[{"count":32,"href":"https:\/\/camburger-bogenschuetzen.de\/index.php?rest_route=\/wp\/v2\/pages\/1194\/revisions"}],"predecessor-version":[{"id":1309,"href":"https:\/\/camburger-bogenschuetzen.de\/index.php?rest_route=\/wp\/v2\/pages\/1194\/revisions\/1309"}],"up":[{"embeddable":true,"href":"https:\/\/camburger-bogenschuetzen.de\/index.php?rest_route=\/wp\/v2\/pages\/888"}],"wp:attachment":[{"href":"https:\/\/camburger-bogenschuetzen.de\/index.php?rest_route=%2Fwp%2Fv2%2Fmedia&parent=1194"}],"curies":[{"name":"wp","href":"https:\/\/api.w.org\/{rel}","templated":true}]}}