{"id":1165,"date":"2017-09-20T20:41:50","date_gmt":"2017-09-20T18:41:50","guid":{"rendered":"http:\/\/camburger-bogenschuetzen.de\/?page_id=1165"},"modified":"2020-02-12T22:05:58","modified_gmt":"2020-02-12T21:05:58","slug":"downloads","status":"publish","type":"page","link":"https:\/\/camburger-bogenschuetzen.de\/?page_id=1165","title":{"rendered":"Downloads"},"content":{"rendered":"<p><a href=\"http:\/\/camburger-bogenschuetzen.de\/?attachment_id=1167\" target=\"_blank\" rel=\"noopener noreferrer\">Die kleine Bogenfibel &#8211; ein Leitfaden f\u00fcr den Einstieg in das Bogenschie\u00dfen<\/a><\/p>\n<p><a href=\"http:\/\/camburger-bogenschuetzen.de\/?attachment_id=1152\" target=\"_blank\" rel=\"noopener noreferrer\">Handzettel f\u00fcr Eltern,<\/a> deren Kinder Bogenschie\u00dfen &#8211; Was ben\u00f6tigt wird und wie es gepflegt wird.<\/p>\n<p><a href=\"http:\/\/camburger-bogenschuetzen.de\/?attachment_id=1316\">Was jeder Camburger Bogensch\u00fctze wissen sollte<\/a> &#8211; wichtige Informationen f\u00fcr Vereinsmitglieder.<\/p>\n<p>&nbsp;<\/p>\n","protected":false},"excerpt":{"rendered":"<p>Die kleine Bogenfibel &#8211; ein Leitfaden f\u00fcr den Einstieg in das Bogenschie\u00dfen Handzettel f\u00fcr Eltern, deren Kinder Bogenschie\u00dfen &#8211; Was ben\u00f6tigt wird und wie es gepflegt wird. Was jeder Camburger Bogensch\u00fctze wissen sollte &#8211; wichtige Informationen f\u00fcr Vereinsmitglieder. &nbsp;<\/p>\n","protected":false},"author":1,"featured_media":0,"parent":0,"menu_order":9,"comment_status":"closed","ping_status":"closed","template":"","meta":{"ngg_post_thumbnail":0,"footnotes":""},"class_list":["post-1165","page","type-page","status-publish","hentry"],"_links":{"self":[{"href":"https:\/\/camburger-bogenschuetzen.de\/index.php?rest_route=\/wp\/v2\/pages\/1165","targetHints":{"allow":["GET"]}}],"collection":[{"href":"https:\/\/camburger-bogenschuetzen.de\/index.php?rest_route=\/wp\/v2\/pages"}],"about":[{"href":"https:\/\/camburger-bogenschuetzen.de\/index.php?rest_route=\/wp\/v2\/types\/page"}],"author":[{"embeddable":true,"href":"https:\/\/camburger-bogenschuetzen.de\/index.php?rest_route=\/wp\/v2\/users\/1"}],"replies":[{"embeddable":true,"href":"https:\/\/camburger-bogenschuetzen.de\/index.php?rest_route=%2Fwp%2Fv2%2Fcomments&post=1165"}],"version-history":[{"count":8,"href":"https:\/\/camburger-bogenschuetzen.de\/index.php?rest_route=\/wp\/v2\/pages\/1165\/revisions"}],"predecessor-version":[{"id":1319,"href":"https:\/\/camburger-bogenschuetzen.de\/index.php?rest_route=\/wp\/v2\/pages\/1165\/revisions\/1319"}],"wp:attachment":[{"href":"https:\/\/camburger-bogenschuetzen.de\/index.php?rest_route=%2Fwp%2Fv2%2Fmedia&parent=1165"}],"curies":[{"name":"wp","href":"https:\/\/api.w.org\/{rel}","templated":true}]}}