{"id":1013,"date":"2016-09-28T20:42:51","date_gmt":"2016-09-28T18:42:51","guid":{"rendered":"http:\/\/camburger-bogenschuetzen.de\/?page_id=1013"},"modified":"2025-10-21T19:23:17","modified_gmt":"2025-10-21T17:23:17","slug":"der-parcours","status":"publish","type":"page","link":"https:\/\/camburger-bogenschuetzen.de\/?page_id=1013","title":{"rendered":"Der Parcours"},"content":{"rendered":"<p>In diese Rubrik finden sie alle Informationen zu unserem Bogen-Parcours.<\/p>\n\n\n<p><strong>3D \u2013 Bogensportparcours &#8211; So funktioniert\u00b4s:<\/strong><br> Die Benutzung ist nur mit einer gu\u0308ltigen Tages- oder Jahreskarte erlaubt.<br> Die Tageskarte kostet 12.- Euro,<br> Die Jahreskarte kostet 120.- Euro.<br> (Wir arbeiten zwar alle ehrenamtlich, aber die Zielattrappen sind teuer also zahle ehrlich Deinen Beitrag!)<br> Kinder bis zum 12. Geburtstag mu\u0308ssen nichts bezahlen. Sie du\u0308rfen aber nur in Begleitung Erwachsener schie\u00dfen.<\/p>\n\n\n\n<p>Der Parcours ist ganzj\u00e4hrig von Sonnenaufgang bis Sonnenuntergang ge\u00f6ffnet. Ihr ben\u00f6tigt <strong>festes Schuhwerk<\/strong>!<\/p>\n\n\n\n<p>Auf dem gesammten Parcours herrscht <strong>Rauchverbot<\/strong>!<\/p>\n\n\n\n<p>Hunde sind an der Leine zu f\u00fchren!<\/p>\n\n\n\n<p><br> <strong>Parcourskarten <\/strong>bekommst Du bei:<br> a. Tankstelle in Camburg (Schmiedeh\u00e4user Stra\u00dfe am Ortsausgang)<br> b. Antjes Postl\u00e4dchen in Camburg (Camburger Markt)<br> c. Pension und Hofladen Sachse in St\u00f6ben<br><br><\/p>\n\n\n\n<p><\/p>\n","protected":false},"excerpt":{"rendered":"<p>In diese Rubrik finden sie alle Informationen zu unserem Bogen-Parcours. 3D \u2013 Bogensportparcours &#8211; So funktioniert\u00b4s: Die Benutzung ist nur mit einer gu\u0308ltigen Tages- oder Jahreskarte erlaubt. Die Tageskarte kostet 12.- Euro, Die Jahreskarte kostet 120.- Euro. (Wir arbeiten zwar alle ehrenamtlich, aber die Zielattrappen sind teuer also zahle ehrlich Deinen Beitrag!) Kinder bis zum &hellip; <a href=\"https:\/\/camburger-bogenschuetzen.de\/?page_id=1013\" class=\"more-link\"><span class=\"screen-reader-text\">Der Parcours<\/span> weiterlesen <span class=\"meta-nav\">&rarr;<\/span><\/a><\/p>\n","protected":false},"author":1,"featured_media":0,"parent":0,"menu_order":6,"comment_status":"closed","ping_status":"closed","template":"page-templates\/full-width.php","meta":{"ngg_post_thumbnail":0,"footnotes":""},"class_list":["post-1013","page","type-page","status-publish","hentry"],"_links":{"self":[{"href":"https:\/\/camburger-bogenschuetzen.de\/index.php?rest_route=\/wp\/v2\/pages\/1013","targetHints":{"allow":["GET"]}}],"collection":[{"href":"https:\/\/camburger-bogenschuetzen.de\/index.php?rest_route=\/wp\/v2\/pages"}],"about":[{"href":"https:\/\/camburger-bogenschuetzen.de\/index.php?rest_route=\/wp\/v2\/types\/page"}],"author":[{"embeddable":true,"href":"https:\/\/camburger-bogenschuetzen.de\/index.php?rest_route=\/wp\/v2\/users\/1"}],"replies":[{"embeddable":true,"href":"https:\/\/camburger-bogenschuetzen.de\/index.php?rest_route=%2Fwp%2Fv2%2Fcomments&post=1013"}],"version-history":[{"count":9,"href":"https:\/\/camburger-bogenschuetzen.de\/index.php?rest_route=\/wp\/v2\/pages\/1013\/revisions"}],"predecessor-version":[{"id":3016,"href":"https:\/\/camburger-bogenschuetzen.de\/index.php?rest_route=\/wp\/v2\/pages\/1013\/revisions\/3016"}],"wp:attachment":[{"href":"https:\/\/camburger-bogenschuetzen.de\/index.php?rest_route=%2Fwp%2Fv2%2Fmedia&parent=1013"}],"curies":[{"name":"wp","href":"https:\/\/api.w.org\/{rel}","templated":true}]}}