{"id":10,"date":"2014-05-08T15:28:55","date_gmt":"2014-05-08T13:28:55","guid":{"rendered":"http:\/\/localhost:8888\/wordpress\/?page_id=10"},"modified":"2025-03-14T14:56:58","modified_gmt":"2025-03-14T13:56:58","slug":"bogenverleih","status":"publish","type":"page","link":"https:\/\/camburger-bogenschuetzen.de\/?page_id=10","title":{"rendered":"Bogenverleih Camburg"},"content":{"rendered":"<p><strong>Der Bogenverleih Camburg wird nicht von den Camburger Bogensch\u00fctzen e.V. betrieben! Wir bieten weder Leihb\u00f6gen noch Betreuung auf den Parcours an!<br><\/strong><\/p>\n<p>F\u00fcr Bogenverleih, Firmenevents, Familienfeste etc. fragen sie bitte direkt beim Bogenverleih Camburg nach. Die Homepage erreichen sie \u00fcber unten stehen den Link.<\/p>\n<p><a href=\"https:\/\/www.bogenverleih-camburg.de\/\" target=\"_blank\" rel=\"noopener\">Bogenverleih Camburg<\/a><\/p>\n<p>&nbsp;<\/p>\n\n\n<p><\/p>\n","protected":false},"excerpt":{"rendered":"<p>Der Bogenverleih Camburg wird nicht von den Camburger Bogensch\u00fctzen e.V. betrieben! Wir bieten weder Leihb\u00f6gen noch Betreuung auf den Parcours an! F\u00fcr Bogenverleih, Firmenevents, Familienfeste etc. fragen sie bitte direkt beim Bogenverleih Camburg nach. Die Homepage erreichen sie \u00fcber unten stehen den Link. Bogenverleih Camburg &nbsp;<\/p>\n","protected":false},"author":1,"featured_media":0,"parent":1013,"menu_order":5,"comment_status":"closed","ping_status":"closed","template":"","meta":{"ngg_post_thumbnail":0,"footnotes":""},"class_list":["post-10","page","type-page","status-publish","hentry"],"_links":{"self":[{"href":"https:\/\/camburger-bogenschuetzen.de\/index.php?rest_route=\/wp\/v2\/pages\/10","targetHints":{"allow":["GET"]}}],"collection":[{"href":"https:\/\/camburger-bogenschuetzen.de\/index.php?rest_route=\/wp\/v2\/pages"}],"about":[{"href":"https:\/\/camburger-bogenschuetzen.de\/index.php?rest_route=\/wp\/v2\/types\/page"}],"author":[{"embeddable":true,"href":"https:\/\/camburger-bogenschuetzen.de\/index.php?rest_route=\/wp\/v2\/users\/1"}],"replies":[{"embeddable":true,"href":"https:\/\/camburger-bogenschuetzen.de\/index.php?rest_route=%2Fwp%2Fv2%2Fcomments&post=10"}],"version-history":[{"count":31,"href":"https:\/\/camburger-bogenschuetzen.de\/index.php?rest_route=\/wp\/v2\/pages\/10\/revisions"}],"predecessor-version":[{"id":2874,"href":"https:\/\/camburger-bogenschuetzen.de\/index.php?rest_route=\/wp\/v2\/pages\/10\/revisions\/2874"}],"up":[{"embeddable":true,"href":"https:\/\/camburger-bogenschuetzen.de\/index.php?rest_route=\/wp\/v2\/pages\/1013"}],"wp:attachment":[{"href":"https:\/\/camburger-bogenschuetzen.de\/index.php?rest_route=%2Fwp%2Fv2%2Fmedia&parent=10"}],"curies":[{"name":"wp","href":"https:\/\/api.w.org\/{rel}","templated":true}]}}